{"id":14027,"date":"2024-09-26T09:21:52","date_gmt":"2024-09-26T09:21:52","guid":{"rendered":"https:\/\/www.cascinamasueria.it\/die-nocciola-piemonte-g-g-a\/"},"modified":"2025-01-29T11:20:52","modified_gmt":"2025-01-29T11:20:52","slug":"die-nocciola-piemonte-g-g-a","status":"publish","type":"page","link":"https:\/\/www.cascinamasueria.it\/de\/die-nocciola-piemonte-g-g-a\/","title":{"rendered":"Die Nocciola Piemonte g.g.A."},"content":{"rendered":"\t\t<div data-elementor-type=\"wp-page\" data-elementor-id=\"14027\" class=\"elementor elementor-14027 elementor-13104\" data-elementor-post-type=\"page\">\n\t\t\t\t<div class=\"elementor-element elementor-element-36da811 e-con-full elementor-hidden-tablet elementor-hidden-mobile e-flex e-con e-parent\" data-id=\"36da811\" data-element_type=\"container\">\n\t\t\t\t<div class=\"elementor-element elementor-element-1d613e0 elementor-arrows-position-inside elementor-widget elementor-widget-image-carousel\" data-id=\"1d613e0\" data-element_type=\"widget\" data-settings=\"{&quot;slides_to_show&quot;:&quot;1&quot;,&quot;navigation&quot;:&quot;arrows&quot;,&quot;lazyload&quot;:&quot;yes&quot;,&quot;autoplay_speed&quot;:2000,&quot;autoplay&quot;:&quot;yes&quot;,&quot;pause_on_hover&quot;:&quot;yes&quot;,&quot;pause_on_interaction&quot;:&quot;yes&quot;,&quot;infinite&quot;:&quot;yes&quot;,&quot;effect&quot;:&quot;slide&quot;,&quot;speed&quot;:500}\" data-widget_type=\"image-carousel.default\">\n\t\t\t\t<div class=\"elementor-widget-container\">\n\t\t\t\t\t\t\t<div class=\"elementor-image-carousel-wrapper swiper\" role=\"region\" aria-roledescription=\"carousel\" aria-label=\"Bild Karussell\" dir=\"ltr\">\n\t\t\t<div class=\"elementor-image-carousel swiper-wrapper\" aria-live=\"off\">\n\t\t\t\t\t\t\t\t<div class=\"swiper-slide\" role=\"group\" aria-roledescription=\"slide\" aria-label=\"1 von 4\"><figure class=\"swiper-slide-inner\"><img class=\"swiper-slide-image swiper-lazy\" data-src=\"https:\/\/www.cascinamasueria.it\/wp-content\/uploads\/2024\/09\/nocciola-igp-1.jpg\" alt=\"Nocciola piemonte IGP\" \/><div class=\"swiper-lazy-preloader\"><\/div><\/figure><\/div><div class=\"swiper-slide\" role=\"group\" aria-roledescription=\"slide\" aria-label=\"2 von 4\"><figure class=\"swiper-slide-inner\"><img class=\"swiper-slide-image swiper-lazy\" data-src=\"https:\/\/www.cascinamasueria.it\/wp-content\/uploads\/2024\/09\/nocciola-igp-2.jpg\" alt=\"Nocciola piemonte IGP\" \/><div class=\"swiper-lazy-preloader\"><\/div><\/figure><\/div><div class=\"swiper-slide\" role=\"group\" aria-roledescription=\"slide\" aria-label=\"3 von 4\"><figure class=\"swiper-slide-inner\"><img class=\"swiper-slide-image swiper-lazy\" data-src=\"https:\/\/www.cascinamasueria.it\/wp-content\/uploads\/2024\/09\/nocciola-igp-3.jpg\" alt=\"Nocciola piemonte IGP\" \/><div class=\"swiper-lazy-preloader\"><\/div><\/figure><\/div><div class=\"swiper-slide\" role=\"group\" aria-roledescription=\"slide\" aria-label=\"4 von 4\"><figure class=\"swiper-slide-inner\"><img class=\"swiper-slide-image swiper-lazy\" data-src=\"https:\/\/www.cascinamasueria.it\/wp-content\/uploads\/2024\/09\/nocciola-igp-4.jpg\" alt=\"Nocciola piemonte IGP\" \/><div class=\"swiper-lazy-preloader\"><\/div><\/figure><\/div>\t\t\t<\/div>\n\t\t\t\t\t\t\t\t\t\t\t\t<div class=\"elementor-swiper-button elementor-swiper-button-prev\" role=\"button\" tabindex=\"0\">\n\t\t\t\t\t\t<svg aria-hidden=\"true\" class=\"e-font-icon-svg e-eicon-chevron-left\" viewBox=\"0 0 1000 1000\" xmlns=\"http:\/\/www.w3.org\/2000\/svg\"><path d=\"M646 125C629 125 613 133 604 142L308 442C296 454 292 471 292 487 292 504 296 521 308 533L604 854C617 867 629 875 646 875 663 875 679 871 692 858 704 846 713 829 713 812 713 796 708 779 692 767L438 487 692 225C700 217 708 204 708 187 708 171 704 154 692 142 675 129 663 125 646 125Z\"><\/path><\/svg>\t\t\t\t\t<\/div>\n\t\t\t\t\t<div class=\"elementor-swiper-button elementor-swiper-button-next\" role=\"button\" tabindex=\"0\">\n\t\t\t\t\t\t<svg aria-hidden=\"true\" class=\"e-font-icon-svg e-eicon-chevron-right\" viewBox=\"0 0 1000 1000\" xmlns=\"http:\/\/www.w3.org\/2000\/svg\"><path d=\"M696 533C708 521 713 504 713 487 713 471 708 454 696 446L400 146C388 133 375 125 354 125 338 125 325 129 313 142 300 154 292 171 292 187 292 204 296 221 308 233L563 492 304 771C292 783 288 800 288 817 288 833 296 850 308 863 321 871 338 875 354 875 371 875 388 867 400 854L696 533Z\"><\/path><\/svg>\t\t\t\t\t<\/div>\n\t\t\t\t\n\t\t\t\t\t\t\t\t\t<\/div>\n\t\t\t\t\t\t<\/div>\n\t\t\t\t<\/div>\n\t\t\t\t<\/div>\n\t\t<div class=\"elementor-element elementor-element-b4dbb52 e-con-full elementor-hidden-desktop e-flex e-con e-parent\" data-id=\"b4dbb52\" data-element_type=\"container\">\n\t\t\t\t<div class=\"elementor-element elementor-element-62a1335 elementor-arrows-position-inside elementor-widget elementor-widget-image-carousel\" data-id=\"62a1335\" data-element_type=\"widget\" data-settings=\"{&quot;slides_to_show&quot;:&quot;1&quot;,&quot;navigation&quot;:&quot;arrows&quot;,&quot;lazyload&quot;:&quot;yes&quot;,&quot;autoplay_speed&quot;:2000,&quot;autoplay&quot;:&quot;yes&quot;,&quot;pause_on_hover&quot;:&quot;yes&quot;,&quot;pause_on_interaction&quot;:&quot;yes&quot;,&quot;infinite&quot;:&quot;yes&quot;,&quot;effect&quot;:&quot;slide&quot;,&quot;speed&quot;:500}\" data-widget_type=\"image-carousel.default\">\n\t\t\t\t<div class=\"elementor-widget-container\">\n\t\t\t\t\t\t\t<div class=\"elementor-image-carousel-wrapper swiper\" role=\"region\" aria-roledescription=\"carousel\" aria-label=\"Bild Karussell\" dir=\"ltr\">\n\t\t\t<div class=\"elementor-image-carousel swiper-wrapper\" aria-live=\"off\">\n\t\t\t\t\t\t\t\t<div class=\"swiper-slide\" role=\"group\" aria-roledescription=\"slide\" aria-label=\"1 von 4\"><figure class=\"swiper-slide-inner\"><img class=\"swiper-slide-image swiper-lazy\" data-src=\"https:\/\/www.cascinamasueria.it\/wp-content\/uploads\/elementor\/thumbs\/nocciola-igp-1-qxl1doo18pz4jfawhsehhblh3xmu8i76b5fmryb9lk.jpg\" alt=\"Nocciola piemonte IGP\" \/><div class=\"swiper-lazy-preloader\"><\/div><\/figure><\/div><div class=\"swiper-slide\" role=\"group\" aria-roledescription=\"slide\" aria-label=\"2 von 4\"><figure class=\"swiper-slide-inner\"><img class=\"swiper-slide-image swiper-lazy\" data-src=\"https:\/\/www.cascinamasueria.it\/wp-content\/uploads\/elementor\/thumbs\/nocciola-igp-2-qxl1doo18pz4jfawhsehhblh3xmu8i76b5fmryb9lk.jpg\" alt=\"Nocciola piemonte IGP\" \/><div class=\"swiper-lazy-preloader\"><\/div><\/figure><\/div><div class=\"swiper-slide\" role=\"group\" aria-roledescription=\"slide\" aria-label=\"3 von 4\"><figure class=\"swiper-slide-inner\"><img class=\"swiper-slide-image swiper-lazy\" data-src=\"https:\/\/www.cascinamasueria.it\/wp-content\/uploads\/elementor\/thumbs\/nocciola-igp-3-qxl1doo18pz4jfawhsehhblh3xmu8i76b5fmryb9lk.jpg\" alt=\"Nocciola piemonte IGP\" \/><div class=\"swiper-lazy-preloader\"><\/div><\/figure><\/div><div class=\"swiper-slide\" role=\"group\" aria-roledescription=\"slide\" aria-label=\"4 von 4\"><figure class=\"swiper-slide-inner\"><img class=\"swiper-slide-image swiper-lazy\" data-src=\"https:\/\/www.cascinamasueria.it\/wp-content\/uploads\/elementor\/thumbs\/nocciola-igp-4-qxl1doo18pz4jfawhsehhblh3xmu8i76b5fmryb9lk.jpg\" alt=\"Nocciola piemonte IGP\" \/><div class=\"swiper-lazy-preloader\"><\/div><\/figure><\/div>\t\t\t<\/div>\n\t\t\t\t\t\t\t\t\t\t\t\t<div class=\"elementor-swiper-button elementor-swiper-button-prev\" role=\"button\" tabindex=\"0\">\n\t\t\t\t\t\t<svg aria-hidden=\"true\" class=\"e-font-icon-svg e-eicon-chevron-left\" viewBox=\"0 0 1000 1000\" xmlns=\"http:\/\/www.w3.org\/2000\/svg\"><path d=\"M646 125C629 125 613 133 604 142L308 442C296 454 292 471 292 487 292 504 296 521 308 533L604 854C617 867 629 875 646 875 663 875 679 871 692 858 704 846 713 829 713 812 713 796 708 779 692 767L438 487 692 225C700 217 708 204 708 187 708 171 704 154 692 142 675 129 663 125 646 125Z\"><\/path><\/svg>\t\t\t\t\t<\/div>\n\t\t\t\t\t<div class=\"elementor-swiper-button elementor-swiper-button-next\" role=\"button\" tabindex=\"0\">\n\t\t\t\t\t\t<svg aria-hidden=\"true\" class=\"e-font-icon-svg e-eicon-chevron-right\" viewBox=\"0 0 1000 1000\" xmlns=\"http:\/\/www.w3.org\/2000\/svg\"><path d=\"M696 533C708 521 713 504 713 487 713 471 708 454 696 446L400 146C388 133 375 125 354 125 338 125 325 129 313 142 300 154 292 171 292 187 292 204 296 221 308 233L563 492 304 771C292 783 288 800 288 817 288 833 296 850 308 863 321 871 338 875 354 875 371 875 388 867 400 854L696 533Z\"><\/path><\/svg>\t\t\t\t\t<\/div>\n\t\t\t\t\n\t\t\t\t\t\t\t\t\t<\/div>\n\t\t\t\t\t\t<\/div>\n\t\t\t\t<\/div>\n\t\t\t\t<\/div>\n\t\t<div class=\"elementor-element elementor-element-aacda47 e-flex e-con-boxed e-con e-parent\" data-id=\"aacda47\" data-element_type=\"container\">\n\t\t\t\t\t<div class=\"e-con-inner\">\n\t\t\t\t<div class=\"elementor-element elementor-element-83781bd elementor-widget elementor-widget-heading\" data-id=\"83781bd\" data-element_type=\"widget\" data-widget_type=\"heading.default\">\n\t\t\t\t<div class=\"elementor-widget-container\">\n\t\t\t\t\t<h1 class=\"elementor-heading-title elementor-size-default\">Die Nocciola Piemonte g.g.A.<\/h1>\t\t\t\t<\/div>\n\t\t\t\t<\/div>\n\t\t\t\t<div class=\"elementor-element elementor-element-ed30230 elementor-widget elementor-widget-heading\" data-id=\"ed30230\" data-element_type=\"widget\" data-widget_type=\"heading.default\">\n\t\t\t\t<div class=\"elementor-widget-container\">\n\t\t\t\t\t<h2 class=\"elementor-heading-title elementor-size-default\">Die \u201eNocciola Piemonte g.g.A.\u201c ist f\u00fcr ihre au\u00dfergew\u00f6hnliche Qualit\u00e4t eine der am meisten gesch\u00e4tzten Haselnusssorten der Welt. Diese Haselnuss wird haupts\u00e4chlich in den Gebieten Langhe, Roero und Monferrato angebaut und ist durch die gesch\u00fctzte geografische Angabe (g.g.A.) gesch\u00fctzt, die ihre Herkunft und Qualit\u00e4t garantiert.<\/h2>\t\t\t\t<\/div>\n\t\t\t\t<\/div>\n\t\t\t\t<div class=\"elementor-element elementor-element-0d89748 elementor-widget elementor-widget-text-editor\" data-id=\"0d89748\" data-element_type=\"widget\" data-widget_type=\"text-editor.default\">\n\t\t\t\t<div class=\"elementor-widget-container\">\n\t\t\t\t\t\t\t\t\t<p>Die Bezeichnung \u201eLanghe\u201c verdanken wir der geografischen Lage unserer Haselnusshaine, die sich alle im Gebiet der Alta Langa befinden.<\/p>\n<p><strong>Das Besondere an dieser Haselnuss ist die Kombination einzigartiger organoleptischer Eigenschaften.<\/strong> Die kugelf\u00f6rmige Form, die harte Schale und die kompakten, knackigen Kerne machen sie ideal f\u00fcr eine lange Haltbarkeit. Aber es ist <strong>der intensive und aromatische Geschmack<\/strong>, der auch die anspruchsvollsten Gaumen erobert hat. Ihr <strong>Geschmack ist anhaltend <\/strong>und weist feine Noten auf, die sie zu einer wertvollen Zutat in vielen Zubereitungen machen.<\/p>\n\t\t\t\t\t\t\t\t<\/div>\n\t\t\t\t<\/div>\n\t\t\t\t<div class=\"elementor-element elementor-element-9db4096 elementor-widget elementor-widget-text-editor\" data-id=\"9db4096\" data-element_type=\"widget\" data-widget_type=\"text-editor.default\">\n\t\t\t\t<div class=\"elementor-widget-container\">\n\t\t\t\t\t\t\t\t\t<p>Die \u201eNocciola Piemonte g.g.A.\u201c aus der Langa wird in der <strong>K\u00fcche besonders<\/strong> bei der <strong>Zubereitung von S\u00fc\u00dfwaren<\/strong> wie Schokolade, Nougats, streichf\u00e4higen Cremes und typischen piemontesischen S\u00fc\u00dfigkeiten wie dem ber\u00fchmten <strong>Gianduiotto<\/strong> gesch\u00e4tzt. Seine F\u00e4higkeit, den Geschmack auch nach dem R\u00f6sten zu bewahren, macht ihn perfekt f\u00fcr diese Anwendungen.<\/p>\n\t\t\t\t\t\t\t\t<\/div>\n\t\t\t\t<\/div>\n\t\t\t\t<div class=\"elementor-element elementor-element-6999133 elementor-widget elementor-widget-text-editor\" data-id=\"6999133\" data-element_type=\"widget\" data-widget_type=\"text-editor.default\">\n\t\t\t\t<div class=\"elementor-widget-container\">\n\t\t\t\t\t\t\t\t\t<p>Die Exzellenz dieses Produkts ist nicht nur auf die besonderen Eigenschaften der Sorte zur\u00fcckzuf\u00fchren, sondern auch auf die Umweltbedingungen der Gebiete, in denen diese Haselnuss angebaut wird Das Klima der Alta Langa mit nicht zu hei\u00dfen Sommern und kalten Wintern beg\u00fcnstigt eine optimale Reifung der Fr\u00fcchte. <br \/>Zus\u00e4tzlich tragen die h\u00fcgeligen, gut durchl\u00e4ssigen B\u00f6den zur Qualit\u00e4t des Endprodukts bei.<\/p>\n\t\t\t\t\t\t\t\t<\/div>\n\t\t\t\t<\/div>\n\t\t\t\t<div class=\"elementor-element elementor-element-c517774 elementor-widget elementor-widget-text-editor\" data-id=\"c517774\" data-element_type=\"widget\" data-widget_type=\"text-editor.default\">\n\t\t\t\t<div class=\"elementor-widget-container\">\n\t\t\t\t\t\t\t\t\t<p>Der Haselnussanbau im Piemont hat eine lange Tradition und wird auch heute noch mit Methoden betrieben, die die Umwelt und das Territorium respektieren. Das Konsortium zum Schutz der \u201eNocciola Piemonte g.g.A.\u201c spielt eine grundlegende Rolle bei der <strong>Gew\u00e4hrleistung der Qualit\u00e4t<\/strong> und <strong>R\u00fcckverfolgbarkeit des Produkts<\/strong>, indem es die gesamte Produktionskette vom Anbau \u00fcber die Verarbeitung bis zur Vermarktung \u00fcberwacht.<\/p>\n\t\t\t\t\t\t\t\t<\/div>\n\t\t\t\t<\/div>\n\t\t\t\t<div class=\"elementor-element elementor-element-264ab98 elementor-widget elementor-widget-text-editor\" data-id=\"264ab98\" data-element_type=\"widget\" data-widget_type=\"text-editor.default\">\n\t\t\t\t<div class=\"elementor-widget-container\">\n\t\t\t\t\t\t\t\t\t<p>Die Erlangung der <strong>g.g.A.-Marke<\/strong> hat den Wert dieser italienischen Spitzenqualit\u00e4t weiter <strong>erh\u00f6ht und sie vor Nachahmungen und F\u00e4lschungen gesch\u00fctzt.<\/strong><br \/>Dar\u00fcber hinaus hat das Konsortium die Expansion des Marktes \u201eNocciola Piemonte g.g.A.\u201c gef\u00f6rdert. Diese Haselnuss wird heute in <strong>zahlreiche L\u00e4nder exportiert,<\/strong> wo sie von den <strong>gr\u00f6\u00dften Konditoren<\/strong> und <strong>Schokoladenherstellern<\/strong> gesch\u00e4tzt wird.<\/p>\n\t\t\t\t\t\t\t\t<\/div>\n\t\t\t\t<\/div>\n\t\t\t\t<div class=\"elementor-element elementor-element-e284698 elementor-widget elementor-widget-text-editor\" data-id=\"e284698\" data-element_type=\"widget\" data-widget_type=\"text-editor.default\">\n\t\t\t\t<div class=\"elementor-widget-container\">\n\t\t\t\t\t\t\t\t\t<p>Die \u201eNocciola Piemonte g.g.A.\u201c ist nicht nur eine hochwertige Zutat, sondern ist auch ein Symbol f\u00fcr die landwirtschaftliche Tradition des Piemonts und die tiefe Verbundenheit mit diesem Gebiet. Ihre Geschichte, ihr unverwechselbarer Geschmack und ihe Rolle in der lokalen Wirtschaft machen sie zu einer wahren <strong>gastronomischen Exzellenz<\/strong>, die <strong>international beliebt <\/strong>und anerkannt ist<\/p>\n\t\t\t\t\t\t\t\t<\/div>\n\t\t\t\t<\/div>\n\t\t\t\t\t<\/div>\n\t\t\t\t<\/div>\n\t\t\t\t<\/div>\n\t\t","protected":false},"excerpt":{"rendered":"<p>Die Nocciola Piemonte g.g.A. Die \u201eNocciola Piemonte g.g.A.\u201c ist f\u00fcr ihre au\u00dfergew\u00f6hnliche Qualit\u00e4t eine der am meisten gesch\u00e4tzten Haselnusssorten der Welt. Diese Haselnuss wird haupts\u00e4chlich in den Gebieten Langhe, Roero und Monferrato angebaut und ist durch die gesch\u00fctzte geografische Angabe (g.g.A.) gesch\u00fctzt, die ihre Herkunft und Qualit\u00e4t garantiert. Die Bezeichnung \u201eLanghe\u201c verdanken wir der geografischen [&hellip;]<\/p>\n","protected":false},"author":1,"featured_media":0,"parent":0,"menu_order":0,"comment_status":"closed","ping_status":"closed","template":"elementor_header_footer","meta":{"footnotes":""},"class_list":["post-14027","page","type-page","status-publish","hentry"],"yoast_head":"<!-- This site is optimized with the Yoast SEO plugin v24.9 - https:\/\/yoast.com\/wordpress\/plugins\/seo\/ -->\n<title>Cascina Masueria - Die IGP-Haselnuss aus dem Piemont ist die beliebteste Sorte der Welt.<\/title>\n<meta name=\"description\" content=\"Die in den Langhe angebaute Haselnuss IGP Piemont ist das Symbol der landwirtschaftlichen Tradition und der Verbundenheit des Piemonts mit seinem Gebiet.\" \/>\n<meta name=\"robots\" content=\"index, follow, max-snippet:-1, max-image-preview:large, max-video-preview:-1\" \/>\n<link rel=\"canonical\" href=\"https:\/\/www.cascinamasueria.it\/de\/die-nocciola-piemonte-g-g-a\/\" \/>\n<meta property=\"og:locale\" content=\"de_DE\" \/>\n<meta property=\"og:type\" content=\"article\" \/>\n<meta property=\"og:title\" content=\"Cascina Masueria - Die IGP-Haselnuss aus dem Piemont ist die beliebteste Sorte der Welt.\" \/>\n<meta property=\"og:description\" content=\"Die in den Langhe angebaute Haselnuss IGP Piemont ist das Symbol der landwirtschaftlichen Tradition und der Verbundenheit des Piemonts mit seinem Gebiet.\" \/>\n<meta property=\"og:url\" content=\"https:\/\/www.cascinamasueria.it\/de\/die-nocciola-piemonte-g-g-a\/\" \/>\n<meta property=\"og:site_name\" content=\"Cascina Masueria\" \/>\n<meta property=\"article:modified_time\" content=\"2025-01-29T11:20:52+00:00\" \/>\n<meta property=\"og:image\" content=\"https:\/\/www.cascinamasueria.it\/wp-content\/uploads\/2024\/09\/nocciola-igp-1.jpg\" \/>\n<meta name=\"twitter:card\" content=\"summary_large_image\" \/>\n<meta name=\"twitter:label1\" content=\"Gesch\u00e4tzte Lesezeit\" \/>\n\t<meta name=\"twitter:data1\" content=\"2\u00a0Minuten\" \/>\n<script type=\"application\/ld+json\" class=\"yoast-schema-graph\">{\"@context\":\"https:\/\/schema.org\",\"@graph\":[{\"@type\":\"WebPage\",\"@id\":\"https:\/\/www.cascinamasueria.it\/de\/die-nocciola-piemonte-g-g-a\/\",\"url\":\"https:\/\/www.cascinamasueria.it\/de\/die-nocciola-piemonte-g-g-a\/\",\"name\":\"Cascina Masueria - Die IGP-Haselnuss aus dem Piemont ist die beliebteste Sorte der Welt.\",\"isPartOf\":{\"@id\":\"https:\/\/www.cascinamasueria.it\/de\/#website\"},\"primaryImageOfPage\":{\"@id\":\"https:\/\/www.cascinamasueria.it\/de\/die-nocciola-piemonte-g-g-a\/#primaryimage\"},\"image\":{\"@id\":\"https:\/\/www.cascinamasueria.it\/de\/die-nocciola-piemonte-g-g-a\/#primaryimage\"},\"thumbnailUrl\":\"https:\/\/www.cascinamasueria.it\/wp-content\/uploads\/2024\/09\/nocciola-igp-1.jpg\",\"datePublished\":\"2024-09-26T09:21:52+00:00\",\"dateModified\":\"2025-01-29T11:20:52+00:00\",\"description\":\"Die in den Langhe angebaute Haselnuss IGP Piemont ist das Symbol der landwirtschaftlichen Tradition und der Verbundenheit des Piemonts mit seinem Gebiet.\",\"breadcrumb\":{\"@id\":\"https:\/\/www.cascinamasueria.it\/de\/die-nocciola-piemonte-g-g-a\/#breadcrumb\"},\"inLanguage\":\"de\",\"potentialAction\":[{\"@type\":\"ReadAction\",\"target\":[\"https:\/\/www.cascinamasueria.it\/de\/die-nocciola-piemonte-g-g-a\/\"]}]},{\"@type\":\"ImageObject\",\"inLanguage\":\"de\",\"@id\":\"https:\/\/www.cascinamasueria.it\/de\/die-nocciola-piemonte-g-g-a\/#primaryimage\",\"url\":\"https:\/\/www.cascinamasueria.it\/wp-content\/uploads\/2024\/09\/nocciola-igp-1.jpg\",\"contentUrl\":\"https:\/\/www.cascinamasueria.it\/wp-content\/uploads\/2024\/09\/nocciola-igp-1.jpg\"},{\"@type\":\"BreadcrumbList\",\"@id\":\"https:\/\/www.cascinamasueria.it\/de\/die-nocciola-piemonte-g-g-a\/#breadcrumb\",\"itemListElement\":[{\"@type\":\"ListItem\",\"position\":1,\"name\":\"Home\",\"item\":\"https:\/\/www.cascinamasueria.it\/de\/\"},{\"@type\":\"ListItem\",\"position\":2,\"name\":\"Die Nocciola Piemonte g.g.A.\"}]},{\"@type\":\"WebSite\",\"@id\":\"https:\/\/www.cascinamasueria.it\/de\/#website\",\"url\":\"https:\/\/www.cascinamasueria.it\/de\/\",\"name\":\"Cascina Masueria\",\"description\":\"Coltivazione e trasformazione nocciola Piemonte IGP\",\"publisher\":{\"@id\":\"https:\/\/www.cascinamasueria.it\/de\/#organization\"},\"potentialAction\":[{\"@type\":\"SearchAction\",\"target\":{\"@type\":\"EntryPoint\",\"urlTemplate\":\"https:\/\/www.cascinamasueria.it\/de\/?s={search_term_string}\"},\"query-input\":{\"@type\":\"PropertyValueSpecification\",\"valueRequired\":true,\"valueName\":\"search_term_string\"}}],\"inLanguage\":\"de\"},{\"@type\":\"Organization\",\"@id\":\"https:\/\/www.cascinamasueria.it\/de\/#organization\",\"name\":\"Cascina Masueria\",\"url\":\"https:\/\/www.cascinamasueria.it\/de\/\",\"logo\":{\"@type\":\"ImageObject\",\"inLanguage\":\"de\",\"@id\":\"https:\/\/www.cascinamasueria.it\/de\/#\/schema\/logo\/image\/\",\"url\":\"https:\/\/www.cascinamasueria.it\/wp-content\/uploads\/2024\/09\/logo-masueria-positivo.png\",\"contentUrl\":\"https:\/\/www.cascinamasueria.it\/wp-content\/uploads\/2024\/09\/logo-masueria-positivo.png\",\"width\":347,\"height\":125,\"caption\":\"Cascina Masueria\"},\"image\":{\"@id\":\"https:\/\/www.cascinamasueria.it\/de\/#\/schema\/logo\/image\/\"}}]}<\/script>\n<!-- \/ Yoast SEO plugin. -->","yoast_head_json":{"title":"Cascina Masueria - Die IGP-Haselnuss aus dem Piemont ist die beliebteste Sorte der Welt.","description":"Die in den Langhe angebaute Haselnuss IGP Piemont ist das Symbol der landwirtschaftlichen Tradition und der Verbundenheit des Piemonts mit seinem Gebiet.","robots":{"index":"index","follow":"follow","max-snippet":"max-snippet:-1","max-image-preview":"max-image-preview:large","max-video-preview":"max-video-preview:-1"},"canonical":"https:\/\/www.cascinamasueria.it\/de\/die-nocciola-piemonte-g-g-a\/","og_locale":"de_DE","og_type":"article","og_title":"Cascina Masueria - Die IGP-Haselnuss aus dem Piemont ist die beliebteste Sorte der Welt.","og_description":"Die in den Langhe angebaute Haselnuss IGP Piemont ist das Symbol der landwirtschaftlichen Tradition und der Verbundenheit des Piemonts mit seinem Gebiet.","og_url":"https:\/\/www.cascinamasueria.it\/de\/die-nocciola-piemonte-g-g-a\/","og_site_name":"Cascina Masueria","article_modified_time":"2025-01-29T11:20:52+00:00","og_image":[{"url":"https:\/\/www.cascinamasueria.it\/wp-content\/uploads\/2024\/09\/nocciola-igp-1.jpg","type":"","width":"","height":""}],"twitter_card":"summary_large_image","twitter_misc":{"Gesch\u00e4tzte Lesezeit":"2\u00a0Minuten"},"schema":{"@context":"https:\/\/schema.org","@graph":[{"@type":"WebPage","@id":"https:\/\/www.cascinamasueria.it\/de\/die-nocciola-piemonte-g-g-a\/","url":"https:\/\/www.cascinamasueria.it\/de\/die-nocciola-piemonte-g-g-a\/","name":"Cascina Masueria - Die IGP-Haselnuss aus dem Piemont ist die beliebteste Sorte der Welt.","isPartOf":{"@id":"https:\/\/www.cascinamasueria.it\/de\/#website"},"primaryImageOfPage":{"@id":"https:\/\/www.cascinamasueria.it\/de\/die-nocciola-piemonte-g-g-a\/#primaryimage"},"image":{"@id":"https:\/\/www.cascinamasueria.it\/de\/die-nocciola-piemonte-g-g-a\/#primaryimage"},"thumbnailUrl":"https:\/\/www.cascinamasueria.it\/wp-content\/uploads\/2024\/09\/nocciola-igp-1.jpg","datePublished":"2024-09-26T09:21:52+00:00","dateModified":"2025-01-29T11:20:52+00:00","description":"Die in den Langhe angebaute Haselnuss IGP Piemont ist das Symbol der landwirtschaftlichen Tradition und der Verbundenheit des Piemonts mit seinem Gebiet.","breadcrumb":{"@id":"https:\/\/www.cascinamasueria.it\/de\/die-nocciola-piemonte-g-g-a\/#breadcrumb"},"inLanguage":"de","potentialAction":[{"@type":"ReadAction","target":["https:\/\/www.cascinamasueria.it\/de\/die-nocciola-piemonte-g-g-a\/"]}]},{"@type":"ImageObject","inLanguage":"de","@id":"https:\/\/www.cascinamasueria.it\/de\/die-nocciola-piemonte-g-g-a\/#primaryimage","url":"https:\/\/www.cascinamasueria.it\/wp-content\/uploads\/2024\/09\/nocciola-igp-1.jpg","contentUrl":"https:\/\/www.cascinamasueria.it\/wp-content\/uploads\/2024\/09\/nocciola-igp-1.jpg"},{"@type":"BreadcrumbList","@id":"https:\/\/www.cascinamasueria.it\/de\/die-nocciola-piemonte-g-g-a\/#breadcrumb","itemListElement":[{"@type":"ListItem","position":1,"name":"Home","item":"https:\/\/www.cascinamasueria.it\/de\/"},{"@type":"ListItem","position":2,"name":"Die Nocciola Piemonte g.g.A."}]},{"@type":"WebSite","@id":"https:\/\/www.cascinamasueria.it\/de\/#website","url":"https:\/\/www.cascinamasueria.it\/de\/","name":"Cascina Masueria","description":"Coltivazione e trasformazione nocciola Piemonte IGP","publisher":{"@id":"https:\/\/www.cascinamasueria.it\/de\/#organization"},"potentialAction":[{"@type":"SearchAction","target":{"@type":"EntryPoint","urlTemplate":"https:\/\/www.cascinamasueria.it\/de\/?s={search_term_string}"},"query-input":{"@type":"PropertyValueSpecification","valueRequired":true,"valueName":"search_term_string"}}],"inLanguage":"de"},{"@type":"Organization","@id":"https:\/\/www.cascinamasueria.it\/de\/#organization","name":"Cascina Masueria","url":"https:\/\/www.cascinamasueria.it\/de\/","logo":{"@type":"ImageObject","inLanguage":"de","@id":"https:\/\/www.cascinamasueria.it\/de\/#\/schema\/logo\/image\/","url":"https:\/\/www.cascinamasueria.it\/wp-content\/uploads\/2024\/09\/logo-masueria-positivo.png","contentUrl":"https:\/\/www.cascinamasueria.it\/wp-content\/uploads\/2024\/09\/logo-masueria-positivo.png","width":347,"height":125,"caption":"Cascina Masueria"},"image":{"@id":"https:\/\/www.cascinamasueria.it\/de\/#\/schema\/logo\/image\/"}}]}},"_links":{"self":[{"href":"https:\/\/www.cascinamasueria.it\/de\/wp-json\/wp\/v2\/pages\/14027","targetHints":{"allow":["GET"]}}],"collection":[{"href":"https:\/\/www.cascinamasueria.it\/de\/wp-json\/wp\/v2\/pages"}],"about":[{"href":"https:\/\/www.cascinamasueria.it\/de\/wp-json\/wp\/v2\/types\/page"}],"author":[{"embeddable":true,"href":"https:\/\/www.cascinamasueria.it\/de\/wp-json\/wp\/v2\/users\/1"}],"replies":[{"embeddable":true,"href":"https:\/\/www.cascinamasueria.it\/de\/wp-json\/wp\/v2\/comments?post=14027"}],"version-history":[{"count":1,"href":"https:\/\/www.cascinamasueria.it\/de\/wp-json\/wp\/v2\/pages\/14027\/revisions"}],"predecessor-version":[{"id":14030,"href":"https:\/\/www.cascinamasueria.it\/de\/wp-json\/wp\/v2\/pages\/14027\/revisions\/14030"}],"wp:attachment":[{"href":"https:\/\/www.cascinamasueria.it\/de\/wp-json\/wp\/v2\/media?parent=14027"}],"curies":[{"name":"wp","href":"https:\/\/api.w.org\/{rel}","templated":true}]}}