{"id":14044,"date":"2024-05-03T15:06:37","date_gmt":"2024-05-03T15:06:37","guid":{"rendered":"https:\/\/www.cascinamasueria.it\/prodotto\/haselnussmehl\/"},"modified":"2024-05-03T15:06:37","modified_gmt":"2024-05-03T15:06:37","slug":"haselnussmehl","status":"publish","type":"product","link":"https:\/\/www.cascinamasueria.it\/de\/prodotto\/haselnussmehl\/","title":{"rendered":"Haselnussmehl"},"content":{"rendered":"","protected":false},"excerpt":{"rendered":"<p><strong>Haselnussmehl<\/strong> ist eine faszinierende Zutat in der K\u00fcche, das verschiedene Gerichte bereichern und dekorieren kann. Es wird insbesondere bei der <strong>Zubereitung von S\u00fc\u00dfwaren<\/strong> wie Kuchen und Keksen verwendet. Nach dem R\u00f6sten wird die <strong>Haselnuss in einer speziellen M\u00fchle gemahlen<\/strong>, die das Produkt zerkleinert, <strong>ohne Hitze zu erzeugen<\/strong>.  <\/p>\n<h2><a href=\"\/nocciola-piemonte-igp\/\"><strong>Wir verwenden ausschlie\u00dflich \u201eNocciola Piemonte g.g.A.\u201c aus der Langa<\/strong><\/a><\/h2>\n","protected":false},"featured_media":13644,"comment_status":"open","ping_status":"closed","template":"","meta":[],"product_cat":[111],"product_tag":[],"class_list":{"0":"post-14044","1":"product","2":"type-product","3":"status-publish","4":"has-post-thumbnail","6":"product_cat-uncategorized-de","8":"first","9":"instock","10":"shipping-taxable","11":"purchasable","12":"product-type-variable","13":"has-default-attributes"},"yoast_head":"<!-- This site is optimized with the Yoast SEO plugin v24.9 - https:\/\/yoast.com\/wordpress\/plugins\/seo\/ -->\n<title>Cascina Masueria - Haselnussmehl Piemont g.g.A.<\/title>\n<meta name=\"description\" content=\"Kaufen Sie Haselnussmehl, um Gerichte zu verfeinern und zu dekorieren oder um Desserts zuzubereiten.\" \/>\n<meta name=\"robots\" content=\"index, follow, max-snippet:-1, max-image-preview:large, max-video-preview:-1\" \/>\n<link rel=\"canonical\" href=\"https:\/\/www.cascinamasueria.it\/de\/prodotto\/haselnussmehl\/\" \/>\n<meta property=\"og:locale\" content=\"de_DE\" \/>\n<meta property=\"og:type\" content=\"article\" \/>\n<meta property=\"og:title\" content=\"Cascina Masueria - Haselnussmehl Piemont g.g.A.\" \/>\n<meta property=\"og:description\" content=\"Kaufen Sie Haselnussmehl, um Gerichte zu verfeinern und zu dekorieren oder um Desserts zuzubereiten.\" \/>\n<meta property=\"og:url\" content=\"https:\/\/www.cascinamasueria.it\/de\/prodotto\/haselnussmehl\/\" \/>\n<meta property=\"og:site_name\" content=\"Cascina Masueria\" \/>\n<meta property=\"og:image\" content=\"https:\/\/www.cascinamasueria.it\/wp-content\/uploads\/2024\/09\/farina-nocciola.png\" \/>\n\t<meta property=\"og:image:width\" content=\"800\" \/>\n\t<meta property=\"og:image:height\" content=\"800\" \/>\n\t<meta property=\"og:image:type\" content=\"image\/png\" \/>\n<meta name=\"twitter:card\" content=\"summary_large_image\" \/>\n<script type=\"application\/ld+json\" class=\"yoast-schema-graph\">{\"@context\":\"https:\/\/schema.org\",\"@graph\":[{\"@type\":\"WebPage\",\"@id\":\"https:\/\/www.cascinamasueria.it\/de\/prodotto\/haselnussmehl\/\",\"url\":\"https:\/\/www.cascinamasueria.it\/de\/prodotto\/haselnussmehl\/\",\"name\":\"Cascina Masueria - Haselnussmehl Piemont g.g.A.\",\"isPartOf\":{\"@id\":\"https:\/\/www.cascinamasueria.it\/de\/#website\"},\"primaryImageOfPage\":{\"@id\":\"https:\/\/www.cascinamasueria.it\/de\/prodotto\/haselnussmehl\/#primaryimage\"},\"image\":{\"@id\":\"https:\/\/www.cascinamasueria.it\/de\/prodotto\/haselnussmehl\/#primaryimage\"},\"thumbnailUrl\":\"https:\/\/www.cascinamasueria.it\/wp-content\/uploads\/2024\/09\/farina-nocciola.png\",\"datePublished\":\"2024-05-03T15:06:37+00:00\",\"description\":\"Kaufen Sie Haselnussmehl, um Gerichte zu verfeinern und zu dekorieren oder um Desserts zuzubereiten.\",\"breadcrumb\":{\"@id\":\"https:\/\/www.cascinamasueria.it\/de\/prodotto\/haselnussmehl\/#breadcrumb\"},\"inLanguage\":\"de\",\"potentialAction\":[{\"@type\":\"ReadAction\",\"target\":[\"https:\/\/www.cascinamasueria.it\/de\/prodotto\/haselnussmehl\/\"]}]},{\"@type\":\"ImageObject\",\"inLanguage\":\"de\",\"@id\":\"https:\/\/www.cascinamasueria.it\/de\/prodotto\/haselnussmehl\/#primaryimage\",\"url\":\"https:\/\/www.cascinamasueria.it\/wp-content\/uploads\/2024\/09\/farina-nocciola.png\",\"contentUrl\":\"https:\/\/www.cascinamasueria.it\/wp-content\/uploads\/2024\/09\/farina-nocciola.png\",\"width\":800,\"height\":800,\"caption\":\"IGP Piemont Haselnussmehl\"},{\"@type\":\"BreadcrumbList\",\"@id\":\"https:\/\/www.cascinamasueria.it\/de\/prodotto\/haselnussmehl\/#breadcrumb\",\"itemListElement\":[{\"@type\":\"ListItem\",\"position\":1,\"name\":\"Home\",\"item\":\"https:\/\/www.cascinamasueria.it\/de\/\"},{\"@type\":\"ListItem\",\"position\":2,\"name\":\"Shop\",\"item\":\"https:\/\/www.cascinamasueria.it\/de\/shop\/\"},{\"@type\":\"ListItem\",\"position\":3,\"name\":\"Haselnussmehl\"}]},{\"@type\":\"WebSite\",\"@id\":\"https:\/\/www.cascinamasueria.it\/de\/#website\",\"url\":\"https:\/\/www.cascinamasueria.it\/de\/\",\"name\":\"Cascina Masueria\",\"description\":\"Coltivazione e trasformazione nocciola Piemonte IGP\",\"publisher\":{\"@id\":\"https:\/\/www.cascinamasueria.it\/de\/#organization\"},\"potentialAction\":[{\"@type\":\"SearchAction\",\"target\":{\"@type\":\"EntryPoint\",\"urlTemplate\":\"https:\/\/www.cascinamasueria.it\/de\/?s={search_term_string}\"},\"query-input\":{\"@type\":\"PropertyValueSpecification\",\"valueRequired\":true,\"valueName\":\"search_term_string\"}}],\"inLanguage\":\"de\"},{\"@type\":\"Organization\",\"@id\":\"https:\/\/www.cascinamasueria.it\/de\/#organization\",\"name\":\"Cascina Masueria\",\"url\":\"https:\/\/www.cascinamasueria.it\/de\/\",\"logo\":{\"@type\":\"ImageObject\",\"inLanguage\":\"de\",\"@id\":\"https:\/\/www.cascinamasueria.it\/de\/#\/schema\/logo\/image\/\",\"url\":\"https:\/\/www.cascinamasueria.it\/wp-content\/uploads\/2024\/09\/logo-masueria-positivo.png\",\"contentUrl\":\"https:\/\/www.cascinamasueria.it\/wp-content\/uploads\/2024\/09\/logo-masueria-positivo.png\",\"width\":347,\"height\":125,\"caption\":\"Cascina Masueria\"},\"image\":{\"@id\":\"https:\/\/www.cascinamasueria.it\/de\/#\/schema\/logo\/image\/\"}}]}<\/script>\n<!-- \/ Yoast SEO plugin. -->","yoast_head_json":{"title":"Cascina Masueria - Haselnussmehl Piemont g.g.A.","description":"Kaufen Sie Haselnussmehl, um Gerichte zu verfeinern und zu dekorieren oder um Desserts zuzubereiten.","robots":{"index":"index","follow":"follow","max-snippet":"max-snippet:-1","max-image-preview":"max-image-preview:large","max-video-preview":"max-video-preview:-1"},"canonical":"https:\/\/www.cascinamasueria.it\/de\/prodotto\/haselnussmehl\/","og_locale":"de_DE","og_type":"article","og_title":"Cascina Masueria - Haselnussmehl Piemont g.g.A.","og_description":"Kaufen Sie Haselnussmehl, um Gerichte zu verfeinern und zu dekorieren oder um Desserts zuzubereiten.","og_url":"https:\/\/www.cascinamasueria.it\/de\/prodotto\/haselnussmehl\/","og_site_name":"Cascina Masueria","og_image":[{"width":800,"height":800,"url":"https:\/\/www.cascinamasueria.it\/wp-content\/uploads\/2024\/09\/farina-nocciola.png","type":"image\/png"}],"twitter_card":"summary_large_image","schema":{"@context":"https:\/\/schema.org","@graph":[{"@type":"WebPage","@id":"https:\/\/www.cascinamasueria.it\/de\/prodotto\/haselnussmehl\/","url":"https:\/\/www.cascinamasueria.it\/de\/prodotto\/haselnussmehl\/","name":"Cascina Masueria - Haselnussmehl Piemont g.g.A.","isPartOf":{"@id":"https:\/\/www.cascinamasueria.it\/de\/#website"},"primaryImageOfPage":{"@id":"https:\/\/www.cascinamasueria.it\/de\/prodotto\/haselnussmehl\/#primaryimage"},"image":{"@id":"https:\/\/www.cascinamasueria.it\/de\/prodotto\/haselnussmehl\/#primaryimage"},"thumbnailUrl":"https:\/\/www.cascinamasueria.it\/wp-content\/uploads\/2024\/09\/farina-nocciola.png","datePublished":"2024-05-03T15:06:37+00:00","description":"Kaufen Sie Haselnussmehl, um Gerichte zu verfeinern und zu dekorieren oder um Desserts zuzubereiten.","breadcrumb":{"@id":"https:\/\/www.cascinamasueria.it\/de\/prodotto\/haselnussmehl\/#breadcrumb"},"inLanguage":"de","potentialAction":[{"@type":"ReadAction","target":["https:\/\/www.cascinamasueria.it\/de\/prodotto\/haselnussmehl\/"]}]},{"@type":"ImageObject","inLanguage":"de","@id":"https:\/\/www.cascinamasueria.it\/de\/prodotto\/haselnussmehl\/#primaryimage","url":"https:\/\/www.cascinamasueria.it\/wp-content\/uploads\/2024\/09\/farina-nocciola.png","contentUrl":"https:\/\/www.cascinamasueria.it\/wp-content\/uploads\/2024\/09\/farina-nocciola.png","width":800,"height":800,"caption":"IGP Piemont Haselnussmehl"},{"@type":"BreadcrumbList","@id":"https:\/\/www.cascinamasueria.it\/de\/prodotto\/haselnussmehl\/#breadcrumb","itemListElement":[{"@type":"ListItem","position":1,"name":"Home","item":"https:\/\/www.cascinamasueria.it\/de\/"},{"@type":"ListItem","position":2,"name":"Shop","item":"https:\/\/www.cascinamasueria.it\/de\/shop\/"},{"@type":"ListItem","position":3,"name":"Haselnussmehl"}]},{"@type":"WebSite","@id":"https:\/\/www.cascinamasueria.it\/de\/#website","url":"https:\/\/www.cascinamasueria.it\/de\/","name":"Cascina Masueria","description":"Coltivazione e trasformazione nocciola Piemonte IGP","publisher":{"@id":"https:\/\/www.cascinamasueria.it\/de\/#organization"},"potentialAction":[{"@type":"SearchAction","target":{"@type":"EntryPoint","urlTemplate":"https:\/\/www.cascinamasueria.it\/de\/?s={search_term_string}"},"query-input":{"@type":"PropertyValueSpecification","valueRequired":true,"valueName":"search_term_string"}}],"inLanguage":"de"},{"@type":"Organization","@id":"https:\/\/www.cascinamasueria.it\/de\/#organization","name":"Cascina Masueria","url":"https:\/\/www.cascinamasueria.it\/de\/","logo":{"@type":"ImageObject","inLanguage":"de","@id":"https:\/\/www.cascinamasueria.it\/de\/#\/schema\/logo\/image\/","url":"https:\/\/www.cascinamasueria.it\/wp-content\/uploads\/2024\/09\/logo-masueria-positivo.png","contentUrl":"https:\/\/www.cascinamasueria.it\/wp-content\/uploads\/2024\/09\/logo-masueria-positivo.png","width":347,"height":125,"caption":"Cascina Masueria"},"image":{"@id":"https:\/\/www.cascinamasueria.it\/de\/#\/schema\/logo\/image\/"}}]}},"_links":{"self":[{"href":"https:\/\/www.cascinamasueria.it\/de\/wp-json\/wp\/v2\/product\/14044","targetHints":{"allow":["GET"]}}],"collection":[{"href":"https:\/\/www.cascinamasueria.it\/de\/wp-json\/wp\/v2\/product"}],"about":[{"href":"https:\/\/www.cascinamasueria.it\/de\/wp-json\/wp\/v2\/types\/product"}],"replies":[{"embeddable":true,"href":"https:\/\/www.cascinamasueria.it\/de\/wp-json\/wp\/v2\/comments?post=14044"}],"version-history":[{"count":0,"href":"https:\/\/www.cascinamasueria.it\/de\/wp-json\/wp\/v2\/product\/14044\/revisions"}],"wp:featuredmedia":[{"embeddable":true,"href":"https:\/\/www.cascinamasueria.it\/de\/wp-json\/wp\/v2\/media\/13644"}],"wp:attachment":[{"href":"https:\/\/www.cascinamasueria.it\/de\/wp-json\/wp\/v2\/media?parent=14044"}],"wp:term":[{"taxonomy":"product_cat","embeddable":true,"href":"https:\/\/www.cascinamasueria.it\/de\/wp-json\/wp\/v2\/product_cat?post=14044"},{"taxonomy":"product_tag","embeddable":true,"href":"https:\/\/www.cascinamasueria.it\/de\/wp-json\/wp\/v2\/product_tag?post=14044"}],"curies":[{"name":"wp","href":"https:\/\/api.w.org\/{rel}","templated":true}]}}