{"id":14052,"date":"2024-05-03T13:40:42","date_gmt":"2024-05-03T13:40:42","guid":{"rendered":"https:\/\/www.cascinamasueria.it\/prodotto\/gianduja-creme\/"},"modified":"2024-05-03T13:40:42","modified_gmt":"2024-05-03T13:40:42","slug":"gianduja-creme","status":"publish","type":"product","link":"https:\/\/www.cascinamasueria.it\/de\/prodotto\/gianduja-creme\/","title":{"rendered":"Gianduja-Creme"},"content":{"rendered":"","protected":false},"excerpt":{"rendered":"<p>Die Gianduja-Creme ist die <strong>s\u00fc\u00dfeste Variante<\/strong> und besteht zu 50 % aus<strong> \u201eNocciola Piemonte g.g.A.\u201c<\/strong>, aus <strong>Rohrzucker<\/strong> und fettarmem <strong>Kakaopulver<\/strong>. <strong>Sie enth\u00e4lt keine Milch<\/strong> oder Derivate, zugesetzte Fette, Farbstoffe, Aromen, Konservierungsstoffe oder Emulgatoren. Die Creme wird durch einen Mahlprozess mit einer Kugelnachzerkleinerungsmaschine gewonnen, bei dem sich das freigesetzte \u00d6l mit anderen festen Zutaten vermischt und so seinen <strong>einzigartigen und intensiven Geschmack erh\u00e4lt.<\/strong> <\/p>\n<h2><a href=\"\/nocciola-piemonte-igp\/\"><strong>Wir verwenden ausschlie\u00dflich \u201eNocciola Piemonte g.g.A.\u201c aus der Langa<\/strong><\/a><\/h2>\n","protected":false},"featured_media":13632,"comment_status":"open","ping_status":"closed","template":"","meta":[],"product_cat":[112],"product_tag":[],"class_list":{"0":"post-14052","1":"product","2":"type-product","3":"status-publish","4":"has-post-thumbnail","6":"product_cat-cremes-de","8":"first","9":"instock","10":"shipping-taxable","11":"purchasable","12":"product-type-variable","13":"has-default-attributes"},"yoast_head":"<!-- This site is optimized with the Yoast SEO plugin v24.9 - https:\/\/yoast.com\/wordpress\/plugins\/seo\/ -->\n<title>Cascina Masueria - Gianduja-Creme mit IGP-Haseln\u00fcssen aus dem Piemont.<\/title>\n<meta name=\"description\" content=\"Kaufen Sie die Gianduja-Creme, die s\u00fc\u00dfeste Version unserer Cremes, die zu 50 % aus piemontesischen Haseln\u00fcssen der g.g.A. besteht.\" \/>\n<meta name=\"robots\" content=\"index, follow, max-snippet:-1, max-image-preview:large, max-video-preview:-1\" \/>\n<link rel=\"canonical\" href=\"https:\/\/www.cascinamasueria.it\/de\/prodotto\/gianduja-creme\/\" \/>\n<meta property=\"og:locale\" content=\"de_DE\" \/>\n<meta property=\"og:type\" content=\"article\" \/>\n<meta property=\"og:title\" content=\"Cascina Masueria - Gianduja-Creme mit IGP-Haseln\u00fcssen aus dem Piemont.\" \/>\n<meta property=\"og:description\" content=\"Kaufen Sie die Gianduja-Creme, die s\u00fc\u00dfeste Version unserer Cremes, die zu 50 % aus piemontesischen Haseln\u00fcssen der g.g.A. besteht.\" \/>\n<meta property=\"og:url\" content=\"https:\/\/www.cascinamasueria.it\/de\/prodotto\/gianduja-creme\/\" \/>\n<meta property=\"og:site_name\" content=\"Cascina Masueria\" \/>\n<meta property=\"og:image\" content=\"https:\/\/www.cascinamasueria.it\/wp-content\/uploads\/2024\/09\/crema-gianduja.png\" \/>\n\t<meta property=\"og:image:width\" content=\"800\" \/>\n\t<meta property=\"og:image:height\" content=\"800\" \/>\n\t<meta property=\"og:image:type\" content=\"image\/png\" \/>\n<meta name=\"twitter:card\" content=\"summary_large_image\" \/>\n<script type=\"application\/ld+json\" class=\"yoast-schema-graph\">{\"@context\":\"https:\/\/schema.org\",\"@graph\":[{\"@type\":\"WebPage\",\"@id\":\"https:\/\/www.cascinamasueria.it\/de\/prodotto\/gianduja-creme\/\",\"url\":\"https:\/\/www.cascinamasueria.it\/de\/prodotto\/gianduja-creme\/\",\"name\":\"Cascina Masueria - Gianduja-Creme mit IGP-Haseln\u00fcssen aus dem Piemont.\",\"isPartOf\":{\"@id\":\"https:\/\/www.cascinamasueria.it\/de\/#website\"},\"primaryImageOfPage\":{\"@id\":\"https:\/\/www.cascinamasueria.it\/de\/prodotto\/gianduja-creme\/#primaryimage\"},\"image\":{\"@id\":\"https:\/\/www.cascinamasueria.it\/de\/prodotto\/gianduja-creme\/#primaryimage\"},\"thumbnailUrl\":\"https:\/\/www.cascinamasueria.it\/wp-content\/uploads\/2024\/09\/crema-gianduja.png\",\"datePublished\":\"2024-05-03T13:40:42+00:00\",\"description\":\"Kaufen Sie die Gianduja-Creme, die s\u00fc\u00dfeste Version unserer Cremes, die zu 50 % aus piemontesischen Haseln\u00fcssen der g.g.A. besteht.\",\"breadcrumb\":{\"@id\":\"https:\/\/www.cascinamasueria.it\/de\/prodotto\/gianduja-creme\/#breadcrumb\"},\"inLanguage\":\"de\",\"potentialAction\":[{\"@type\":\"ReadAction\",\"target\":[\"https:\/\/www.cascinamasueria.it\/de\/prodotto\/gianduja-creme\/\"]}]},{\"@type\":\"ImageObject\",\"inLanguage\":\"de\",\"@id\":\"https:\/\/www.cascinamasueria.it\/de\/prodotto\/gianduja-creme\/#primaryimage\",\"url\":\"https:\/\/www.cascinamasueria.it\/wp-content\/uploads\/2024\/09\/crema-gianduja.png\",\"contentUrl\":\"https:\/\/www.cascinamasueria.it\/wp-content\/uploads\/2024\/09\/crema-gianduja.png\",\"width\":800,\"height\":800,\"caption\":\"Gianduja creme von IGP Piemont Haselnuss\"},{\"@type\":\"BreadcrumbList\",\"@id\":\"https:\/\/www.cascinamasueria.it\/de\/prodotto\/gianduja-creme\/#breadcrumb\",\"itemListElement\":[{\"@type\":\"ListItem\",\"position\":1,\"name\":\"Home\",\"item\":\"https:\/\/www.cascinamasueria.it\/de\/\"},{\"@type\":\"ListItem\",\"position\":2,\"name\":\"Shop\",\"item\":\"https:\/\/www.cascinamasueria.it\/de\/shop\/\"},{\"@type\":\"ListItem\",\"position\":3,\"name\":\"Gianduja-Creme\"}]},{\"@type\":\"WebSite\",\"@id\":\"https:\/\/www.cascinamasueria.it\/de\/#website\",\"url\":\"https:\/\/www.cascinamasueria.it\/de\/\",\"name\":\"Cascina Masueria\",\"description\":\"Coltivazione e trasformazione nocciola Piemonte IGP\",\"publisher\":{\"@id\":\"https:\/\/www.cascinamasueria.it\/de\/#organization\"},\"potentialAction\":[{\"@type\":\"SearchAction\",\"target\":{\"@type\":\"EntryPoint\",\"urlTemplate\":\"https:\/\/www.cascinamasueria.it\/de\/?s={search_term_string}\"},\"query-input\":{\"@type\":\"PropertyValueSpecification\",\"valueRequired\":true,\"valueName\":\"search_term_string\"}}],\"inLanguage\":\"de\"},{\"@type\":\"Organization\",\"@id\":\"https:\/\/www.cascinamasueria.it\/de\/#organization\",\"name\":\"Cascina Masueria\",\"url\":\"https:\/\/www.cascinamasueria.it\/de\/\",\"logo\":{\"@type\":\"ImageObject\",\"inLanguage\":\"de\",\"@id\":\"https:\/\/www.cascinamasueria.it\/de\/#\/schema\/logo\/image\/\",\"url\":\"https:\/\/www.cascinamasueria.it\/wp-content\/uploads\/2024\/09\/logo-masueria-positivo.png\",\"contentUrl\":\"https:\/\/www.cascinamasueria.it\/wp-content\/uploads\/2024\/09\/logo-masueria-positivo.png\",\"width\":347,\"height\":125,\"caption\":\"Cascina Masueria\"},\"image\":{\"@id\":\"https:\/\/www.cascinamasueria.it\/de\/#\/schema\/logo\/image\/\"}}]}<\/script>\n<!-- \/ Yoast SEO plugin. -->","yoast_head_json":{"title":"Cascina Masueria - Gianduja-Creme mit IGP-Haseln\u00fcssen aus dem Piemont.","description":"Kaufen Sie die Gianduja-Creme, die s\u00fc\u00dfeste Version unserer Cremes, die zu 50 % aus piemontesischen Haseln\u00fcssen der g.g.A. besteht.","robots":{"index":"index","follow":"follow","max-snippet":"max-snippet:-1","max-image-preview":"max-image-preview:large","max-video-preview":"max-video-preview:-1"},"canonical":"https:\/\/www.cascinamasueria.it\/de\/prodotto\/gianduja-creme\/","og_locale":"de_DE","og_type":"article","og_title":"Cascina Masueria - Gianduja-Creme mit IGP-Haseln\u00fcssen aus dem Piemont.","og_description":"Kaufen Sie die Gianduja-Creme, die s\u00fc\u00dfeste Version unserer Cremes, die zu 50 % aus piemontesischen Haseln\u00fcssen der g.g.A. besteht.","og_url":"https:\/\/www.cascinamasueria.it\/de\/prodotto\/gianduja-creme\/","og_site_name":"Cascina Masueria","og_image":[{"width":800,"height":800,"url":"https:\/\/www.cascinamasueria.it\/wp-content\/uploads\/2024\/09\/crema-gianduja.png","type":"image\/png"}],"twitter_card":"summary_large_image","schema":{"@context":"https:\/\/schema.org","@graph":[{"@type":"WebPage","@id":"https:\/\/www.cascinamasueria.it\/de\/prodotto\/gianduja-creme\/","url":"https:\/\/www.cascinamasueria.it\/de\/prodotto\/gianduja-creme\/","name":"Cascina Masueria - Gianduja-Creme mit IGP-Haseln\u00fcssen aus dem Piemont.","isPartOf":{"@id":"https:\/\/www.cascinamasueria.it\/de\/#website"},"primaryImageOfPage":{"@id":"https:\/\/www.cascinamasueria.it\/de\/prodotto\/gianduja-creme\/#primaryimage"},"image":{"@id":"https:\/\/www.cascinamasueria.it\/de\/prodotto\/gianduja-creme\/#primaryimage"},"thumbnailUrl":"https:\/\/www.cascinamasueria.it\/wp-content\/uploads\/2024\/09\/crema-gianduja.png","datePublished":"2024-05-03T13:40:42+00:00","description":"Kaufen Sie die Gianduja-Creme, die s\u00fc\u00dfeste Version unserer Cremes, die zu 50 % aus piemontesischen Haseln\u00fcssen der g.g.A. besteht.","breadcrumb":{"@id":"https:\/\/www.cascinamasueria.it\/de\/prodotto\/gianduja-creme\/#breadcrumb"},"inLanguage":"de","potentialAction":[{"@type":"ReadAction","target":["https:\/\/www.cascinamasueria.it\/de\/prodotto\/gianduja-creme\/"]}]},{"@type":"ImageObject","inLanguage":"de","@id":"https:\/\/www.cascinamasueria.it\/de\/prodotto\/gianduja-creme\/#primaryimage","url":"https:\/\/www.cascinamasueria.it\/wp-content\/uploads\/2024\/09\/crema-gianduja.png","contentUrl":"https:\/\/www.cascinamasueria.it\/wp-content\/uploads\/2024\/09\/crema-gianduja.png","width":800,"height":800,"caption":"Gianduja creme von IGP Piemont Haselnuss"},{"@type":"BreadcrumbList","@id":"https:\/\/www.cascinamasueria.it\/de\/prodotto\/gianduja-creme\/#breadcrumb","itemListElement":[{"@type":"ListItem","position":1,"name":"Home","item":"https:\/\/www.cascinamasueria.it\/de\/"},{"@type":"ListItem","position":2,"name":"Shop","item":"https:\/\/www.cascinamasueria.it\/de\/shop\/"},{"@type":"ListItem","position":3,"name":"Gianduja-Creme"}]},{"@type":"WebSite","@id":"https:\/\/www.cascinamasueria.it\/de\/#website","url":"https:\/\/www.cascinamasueria.it\/de\/","name":"Cascina Masueria","description":"Coltivazione e trasformazione nocciola Piemonte IGP","publisher":{"@id":"https:\/\/www.cascinamasueria.it\/de\/#organization"},"potentialAction":[{"@type":"SearchAction","target":{"@type":"EntryPoint","urlTemplate":"https:\/\/www.cascinamasueria.it\/de\/?s={search_term_string}"},"query-input":{"@type":"PropertyValueSpecification","valueRequired":true,"valueName":"search_term_string"}}],"inLanguage":"de"},{"@type":"Organization","@id":"https:\/\/www.cascinamasueria.it\/de\/#organization","name":"Cascina Masueria","url":"https:\/\/www.cascinamasueria.it\/de\/","logo":{"@type":"ImageObject","inLanguage":"de","@id":"https:\/\/www.cascinamasueria.it\/de\/#\/schema\/logo\/image\/","url":"https:\/\/www.cascinamasueria.it\/wp-content\/uploads\/2024\/09\/logo-masueria-positivo.png","contentUrl":"https:\/\/www.cascinamasueria.it\/wp-content\/uploads\/2024\/09\/logo-masueria-positivo.png","width":347,"height":125,"caption":"Cascina Masueria"},"image":{"@id":"https:\/\/www.cascinamasueria.it\/de\/#\/schema\/logo\/image\/"}}]}},"_links":{"self":[{"href":"https:\/\/www.cascinamasueria.it\/de\/wp-json\/wp\/v2\/product\/14052","targetHints":{"allow":["GET"]}}],"collection":[{"href":"https:\/\/www.cascinamasueria.it\/de\/wp-json\/wp\/v2\/product"}],"about":[{"href":"https:\/\/www.cascinamasueria.it\/de\/wp-json\/wp\/v2\/types\/product"}],"replies":[{"embeddable":true,"href":"https:\/\/www.cascinamasueria.it\/de\/wp-json\/wp\/v2\/comments?post=14052"}],"version-history":[{"count":0,"href":"https:\/\/www.cascinamasueria.it\/de\/wp-json\/wp\/v2\/product\/14052\/revisions"}],"wp:featuredmedia":[{"embeddable":true,"href":"https:\/\/www.cascinamasueria.it\/de\/wp-json\/wp\/v2\/media\/13632"}],"wp:attachment":[{"href":"https:\/\/www.cascinamasueria.it\/de\/wp-json\/wp\/v2\/media?parent=14052"}],"wp:term":[{"taxonomy":"product_cat","embeddable":true,"href":"https:\/\/www.cascinamasueria.it\/de\/wp-json\/wp\/v2\/product_cat?post=14052"},{"taxonomy":"product_tag","embeddable":true,"href":"https:\/\/www.cascinamasueria.it\/de\/wp-json\/wp\/v2\/product_tag?post=14052"}],"curies":[{"name":"wp","href":"https:\/\/api.w.org\/{rel}","templated":true}]}}