{"id":13768,"date":"2024-04-22T07:22:53","date_gmt":"2024-04-22T07:22:53","guid":{"rendered":"https:\/\/www.cascinamasueria.it\/panier\/"},"modified":"2025-01-28T14:29:33","modified_gmt":"2025-01-28T14:29:33","slug":"panier","status":"publish","type":"page","link":"https:\/\/www.cascinamasueria.it\/fr\/panier\/","title":{"rendered":"Panier"},"content":{"rendered":"\n<div class=\"wp-block-columns is-layout-flex wp-container-core-columns-is-layout-2 wp-block-columns-is-layout-flex\">\n<div class=\"wp-block-column is-layout-flow wp-block-column-is-layout-flow\" style=\"flex-basis:100%\">\n<div class=\"wp-block-group is-vertical is-layout-flex wp-container-core-group-is-layout-1 wp-block-group-is-layout-flex\">\n<div class=\"wp-block-columns is-layout-flex wp-container-core-columns-is-layout-1 wp-block-columns-is-layout-flex\">\n<div class=\"wp-block-column is-layout-flow wp-block-column-is-layout-flow\" style=\"flex-basis:100%\">\n<div style=\"padding:0.8rem; background-color:#F7BF0A; margin-bottom:1rem; display:flex; justify-content:center; align-items:center;\"><p style=\"margin:0;\">Attention : pour des raisons logistiques, les envois \u00e0 destination de la ville de <b>Venise<\/b> sont trait\u00e9s par t\u00e9l\u00e9phone \u00e0 l&rsquo;adresse <a style=\"font-weight:600; text-decoration:none; color:#000;\" href=\"tel:3386578740\">3386578740<\/a>.<\/p><\/div>\n\n\n<div data-block-name=\"woocommerce\/cart\" class=\"wp-block-woocommerce-cart alignwide is-loading\"><div data-block-name=\"woocommerce\/filled-cart-block\" class=\"wp-block-woocommerce-filled-cart-block\"><div data-block-name=\"woocommerce\/cart-items-block\" class=\"wp-block-woocommerce-cart-items-block\"><div data-block-name=\"woocommerce\/cart-line-items-block\" class=\"wp-block-woocommerce-cart-line-items-block\"><\/div>\n\n<div data-block-name=\"woocommerce\/cart-cross-sells-block\" class=\"wp-block-woocommerce-cart-cross-sells-block\">\n<h2 class=\"wp-block-heading has-medium-font-size\">Vous pouvez \u00e9galement \u00eatre int\u00e9ress\u00e9 par&#8230;<\/h2>\n\n\n<div data-block-name=\"woocommerce\/cart-cross-sells-products-block\" class=\"wp-block-woocommerce-cart-cross-sells-products-block\"><\/div><\/div><\/div>\n\n<div data-block-name=\"woocommerce\/cart-totals-block\" class=\"wp-block-woocommerce-cart-totals-block\"><div data-block-name=\"woocommerce\/cart-order-summary-block\" class=\"wp-block-woocommerce-cart-order-summary-block\"><div data-block-name=\"woocommerce\/cart-order-summary-heading-block\" class=\"wp-block-woocommerce-cart-order-summary-heading-block\"><\/div>\n\n<div data-block-name=\"woocommerce\/cart-order-summary-coupon-form-block\" class=\"wp-block-woocommerce-cart-order-summary-coupon-form-block\"><\/div>\n\n<div data-block-name=\"woocommerce\/cart-order-summary-subtotal-block\" class=\"wp-block-woocommerce-cart-order-summary-subtotal-block\"><\/div>\n\n<div data-block-name=\"woocommerce\/cart-order-summary-fee-block\" class=\"wp-block-woocommerce-cart-order-summary-fee-block\"><\/div>\n\n<div data-block-name=\"woocommerce\/cart-order-summary-discount-block\" class=\"wp-block-woocommerce-cart-order-summary-discount-block\"><\/div>\n\n<div data-block-name=\"woocommerce\/cart-order-summary-shipping-block\" class=\"wp-block-woocommerce-cart-order-summary-shipping-block\"><\/div>\n\n<div data-block-name=\"woocommerce\/cart-order-summary-taxes-block\" class=\"wp-block-woocommerce-cart-order-summary-taxes-block\"><\/div><\/div>\n\n<div data-block-name=\"woocommerce\/cart-express-payment-block\" class=\"wp-block-woocommerce-cart-express-payment-block\"><\/div>\n\n<div data-block-name=\"woocommerce\/proceed-to-checkout-block\" class=\"wp-block-woocommerce-proceed-to-checkout-block\"><\/div>\n\n<div data-block-name=\"woocommerce\/cart-accepted-payment-methods-block\" class=\"wp-block-woocommerce-cart-accepted-payment-methods-block\"><\/div><\/div><\/div>\n\n<div data-block-name=\"woocommerce\/empty-cart-block\" class=\"wp-block-woocommerce-empty-cart-block\"><div class=\"wp-block-image\">\n<figure class=\"aligncenter size-full is-resized\"><img fetchpriority=\"high\" decoding=\"async\" width=\"512\" height=\"512\" src=\"https:\/\/www.cascinamasueria.it\/wp-content\/uploads\/2024\/10\/desert_7864558.png\" alt=\"\" class=\"wp-image-13334\" style=\"width:115px;height:auto\" srcset=\"https:\/\/www.cascinamasueria.it\/wp-content\/uploads\/2024\/10\/desert_7864558.png 512w, https:\/\/www.cascinamasueria.it\/wp-content\/uploads\/2024\/10\/desert_7864558-300x300.png 300w, https:\/\/www.cascinamasueria.it\/wp-content\/uploads\/2024\/10\/desert_7864558-150x150.png 150w, https:\/\/www.cascinamasueria.it\/wp-content\/uploads\/2024\/10\/desert_7864558-450x450.png 450w, https:\/\/www.cascinamasueria.it\/wp-content\/uploads\/2024\/10\/desert_7864558-106x106.png 106w, https:\/\/www.cascinamasueria.it\/wp-content\/uploads\/2024\/10\/desert_7864558-70x70.png 70w, https:\/\/www.cascinamasueria.it\/wp-content\/uploads\/2024\/10\/desert_7864558-100x100.png 100w\" sizes=\"(max-width: 512px) 100vw, 512px\" \/><\/figure><\/div>\n\n\n<h2 class=\"wp-block-heading alignwide has-text-align-center\">Votre panier est vide<\/h2>\n\n\n\n<div class=\"wp-block-buttons is-content-justification-center is-layout-flex wp-container-core-buttons-is-layout-1 wp-block-buttons-is-layout-flex\">\n<div class=\"wp-block-button has-custom-width wp-block-button__width-25 has-custom-font-size is-style-fill has-medium-font-size\"><a class=\"wp-block-button__link has-background has-text-align-center wp-element-button\" href=\"https:\/\/www.cascinamasueria.it\/fr\/shop\/\" style=\"border-radius:0px;background-color:#4e372b\">Aller \u00e0 la boutique<\/a><\/div>\n<\/div>\n\n\n\n<hr class=\"wp-block-separator has-alpha-channel-opacity\"\/>\n\n\n\n<h2 class=\"wp-block-heading\">Derniers produits ajout\u00e9s<\/h2>\n\n\n<div data-block-name=\"woocommerce\/product-new\" data-columns=\"4\" data-rows=\"1\" class=\"wc-block-grid wp-block-product-new wc-block-product-new has-4-columns\"><ul class=\"wc-block-grid__products\"><li class=\"wc-block-grid__product\">\n\t\t\t\t<a href=\"https:\/\/www.cascinamasueria.it\/fr\/prodotto\/noisettes-grillees-non-ecalees\/\" class=\"wc-block-grid__product-link\">\n\t\t\t\t\t\n\t\t\t\t\t<div class=\"wc-block-grid__product-image\"><img decoding=\"async\" width=\"300\" height=\"300\" src=\"https:\/\/www.cascinamasueria.it\/wp-content\/uploads\/2024\/09\/nocciola-tostata-con-pellicolato-300x300.png\" class=\"attachment-woocommerce_thumbnail size-woocommerce_thumbnail\" alt=\"Noisettes grill\u00e9es IGP non \u00e9cal\u00e9es\" srcset=\"https:\/\/www.cascinamasueria.it\/wp-content\/uploads\/2024\/09\/nocciola-tostata-con-pellicolato-300x300.png 300w, https:\/\/www.cascinamasueria.it\/wp-content\/uploads\/2024\/09\/nocciola-tostata-con-pellicolato-150x150.png 150w, https:\/\/www.cascinamasueria.it\/wp-content\/uploads\/2024\/09\/nocciola-tostata-con-pellicolato-768x768.png 768w, https:\/\/www.cascinamasueria.it\/wp-content\/uploads\/2024\/09\/nocciola-tostata-con-pellicolato-450x450.png 450w, https:\/\/www.cascinamasueria.it\/wp-content\/uploads\/2024\/09\/nocciola-tostata-con-pellicolato-106x106.png 106w, https:\/\/www.cascinamasueria.it\/wp-content\/uploads\/2024\/09\/nocciola-tostata-con-pellicolato-560x560.png 560w, https:\/\/www.cascinamasueria.it\/wp-content\/uploads\/2024\/09\/nocciola-tostata-con-pellicolato-70x70.png 70w, https:\/\/www.cascinamasueria.it\/wp-content\/uploads\/2024\/09\/nocciola-tostata-con-pellicolato-600x600.png 600w, https:\/\/www.cascinamasueria.it\/wp-content\/uploads\/2024\/09\/nocciola-tostata-con-pellicolato-100x100.png 100w, https:\/\/www.cascinamasueria.it\/wp-content\/uploads\/2024\/09\/nocciola-tostata-con-pellicolato.png 800w\" sizes=\"(max-width: 300px) 100vw, 300px\" \/><\/div>\n\t\t\t\t\t<div class=\"wc-block-grid__product-title\">Noisettes grill\u00e9es non \u00e9cal\u00e9es<\/div>\n\t\t\t\t<\/a>\n\t\t\t\t<div class=\"wc-block-grid__product-price price\"><span class=\"woocommerce-Price-amount amount\">6,00&nbsp;<span class=\"woocommerce-Price-currencySymbol\">&euro;<\/span><\/span> &ndash; <span class=\"woocommerce-Price-amount amount\">15,00&nbsp;<span class=\"woocommerce-Price-currencySymbol\">&euro;<\/span><\/span><\/div>\n\t\t\t\t\n\t\t\t\t<div class=\"wp-block-button wc-block-grid__product-add-to-cart\"><a href=\"https:\/\/www.cascinamasueria.it\/fr\/prodotto\/noisettes-grillees-non-ecalees\/\" aria-label=\"S\u00e9lectionner les options pour &ldquo;Noisettes grill\u00e9es non \u00e9cal\u00e9es&rdquo;\" data-quantity=\"1\" data-product_id=\"13976\" data-product_sku=\"\" data-price=\"6\" rel=\"nofollow\" class=\"wp-block-button__link  add_to_cart_button\">Choix des options<\/a><\/div>\n\t\t\t<\/li><li class=\"wc-block-grid__product\">\n\t\t\t\t<a href=\"https:\/\/www.cascinamasueria.it\/fr\/prodotto\/noisettes-en-coque\/\" class=\"wc-block-grid__product-link\">\n\t\t\t\t\t\n\t\t\t\t\t<div class=\"wc-block-grid__product-image\"><img decoding=\"async\" width=\"300\" height=\"300\" src=\"https:\/\/www.cascinamasueria.it\/wp-content\/uploads\/2024\/05\/nocciole-guscio-300x300.jpg\" class=\"attachment-woocommerce_thumbnail size-woocommerce_thumbnail\" alt=\"Noisettes du Pi\u00e9mont IGP en coque\" srcset=\"https:\/\/www.cascinamasueria.it\/wp-content\/uploads\/2024\/05\/nocciole-guscio-300x300.jpg 300w, https:\/\/www.cascinamasueria.it\/wp-content\/uploads\/2024\/05\/nocciole-guscio-150x150.jpg 150w, https:\/\/www.cascinamasueria.it\/wp-content\/uploads\/2024\/05\/nocciole-guscio-768x768.jpg 768w, https:\/\/www.cascinamasueria.it\/wp-content\/uploads\/2024\/05\/nocciole-guscio-450x450.jpg 450w, https:\/\/www.cascinamasueria.it\/wp-content\/uploads\/2024\/05\/nocciole-guscio-106x106.jpg 106w, https:\/\/www.cascinamasueria.it\/wp-content\/uploads\/2024\/05\/nocciole-guscio-560x560.jpg 560w, https:\/\/www.cascinamasueria.it\/wp-content\/uploads\/2024\/05\/nocciole-guscio-70x70.jpg 70w, https:\/\/www.cascinamasueria.it\/wp-content\/uploads\/2024\/05\/nocciole-guscio-600x600.jpg 600w, https:\/\/www.cascinamasueria.it\/wp-content\/uploads\/2024\/05\/nocciole-guscio-100x100.jpg 100w, https:\/\/www.cascinamasueria.it\/wp-content\/uploads\/2024\/05\/nocciole-guscio.jpg 800w\" sizes=\"(max-width: 300px) 100vw, 300px\" \/><\/div>\n\t\t\t\t\t<div class=\"wc-block-grid__product-title\">Noisettes en coque<\/div>\n\t\t\t\t<\/a>\n\t\t\t\t<div class=\"wc-block-grid__product-price price\"><span class=\"woocommerce-Price-amount amount\">10,00&nbsp;<span class=\"woocommerce-Price-currencySymbol\">&euro;<\/span><\/span><\/div>\n\t\t\t\t\n\t\t\t\t<div class=\"wp-block-button wc-block-grid__product-add-to-cart\"><a href=\"https:\/\/www.cascinamasueria.it\/fr\/prodotto\/noisettes-en-coque\/\" aria-label=\"S\u00e9lectionner les options pour &ldquo;Noisettes en coque&rdquo;\" data-quantity=\"1\" data-product_id=\"13979\" data-product_sku=\"\" data-price=\"9\" rel=\"nofollow\" class=\"wp-block-button__link  add_to_cart_button\">Choix des options<\/a><\/div>\n\t\t\t<\/li><li class=\"wc-block-grid__product\">\n\t\t\t\t<a href=\"https:\/\/www.cascinamasueria.it\/fr\/prodotto\/farine-de-noisette\/\" class=\"wc-block-grid__product-link\">\n\t\t\t\t\t\n\t\t\t\t\t<div class=\"wc-block-grid__product-image\"><img loading=\"lazy\" decoding=\"async\" width=\"300\" height=\"300\" src=\"https:\/\/www.cascinamasueria.it\/wp-content\/uploads\/2024\/09\/farina-nocciola-300x300.png\" class=\"attachment-woocommerce_thumbnail size-woocommerce_thumbnail\" alt=\"Farine de noisettes du Pi\u00e9mont IGP\" srcset=\"https:\/\/www.cascinamasueria.it\/wp-content\/uploads\/2024\/09\/farina-nocciola-300x300.png 300w, https:\/\/www.cascinamasueria.it\/wp-content\/uploads\/2024\/09\/farina-nocciola-150x150.png 150w, https:\/\/www.cascinamasueria.it\/wp-content\/uploads\/2024\/09\/farina-nocciola-768x768.png 768w, https:\/\/www.cascinamasueria.it\/wp-content\/uploads\/2024\/09\/farina-nocciola-450x450.png 450w, https:\/\/www.cascinamasueria.it\/wp-content\/uploads\/2024\/09\/farina-nocciola-106x106.png 106w, https:\/\/www.cascinamasueria.it\/wp-content\/uploads\/2024\/09\/farina-nocciola-560x560.png 560w, https:\/\/www.cascinamasueria.it\/wp-content\/uploads\/2024\/09\/farina-nocciola-70x70.png 70w, https:\/\/www.cascinamasueria.it\/wp-content\/uploads\/2024\/09\/farina-nocciola-600x600.png 600w, https:\/\/www.cascinamasueria.it\/wp-content\/uploads\/2024\/09\/farina-nocciola-100x100.png 100w, https:\/\/www.cascinamasueria.it\/wp-content\/uploads\/2024\/09\/farina-nocciola.png 800w\" sizes=\"(max-width: 300px) 100vw, 300px\" \/><\/div>\n\t\t\t\t\t<div class=\"wc-block-grid__product-title\">Farine de noisette<\/div>\n\t\t\t\t<\/a>\n\t\t\t\t<div class=\"wc-block-grid__product-price price\"><span class=\"woocommerce-Price-amount amount\">6,50&nbsp;<span class=\"woocommerce-Price-currencySymbol\">&euro;<\/span><\/span><\/div>\n\t\t\t\t\n\t\t\t\t<div class=\"wp-block-button wc-block-grid__product-add-to-cart\"><a href=\"https:\/\/www.cascinamasueria.it\/fr\/prodotto\/farine-de-noisette\/\" aria-label=\"S\u00e9lectionner les options pour &ldquo;Farine de noisette&rdquo;\" data-quantity=\"1\" data-product_id=\"13981\" data-product_sku=\"\" data-price=\"6.5\" rel=\"nofollow\" class=\"wp-block-button__link  add_to_cart_button\">Choix des options<\/a><\/div>\n\t\t\t<\/li><li class=\"wc-block-grid__product\">\n\t\t\t\t<a href=\"https:\/\/www.cascinamasueria.it\/fr\/prodotto\/graines-de-noisette\/\" class=\"wc-block-grid__product-link\">\n\t\t\t\t\t\n\t\t\t\t\t<div class=\"wc-block-grid__product-image\"><img loading=\"lazy\" decoding=\"async\" width=\"300\" height=\"300\" src=\"https:\/\/www.cascinamasueria.it\/wp-content\/uploads\/2024\/09\/granella-nocciola-300x300.png\" class=\"attachment-woocommerce_thumbnail size-woocommerce_thumbnail\" alt=\"Grains de noisettes du Pi\u00e9mont IGP\" srcset=\"https:\/\/www.cascinamasueria.it\/wp-content\/uploads\/2024\/09\/granella-nocciola-300x300.png 300w, https:\/\/www.cascinamasueria.it\/wp-content\/uploads\/2024\/09\/granella-nocciola-150x150.png 150w, https:\/\/www.cascinamasueria.it\/wp-content\/uploads\/2024\/09\/granella-nocciola-768x768.png 768w, https:\/\/www.cascinamasueria.it\/wp-content\/uploads\/2024\/09\/granella-nocciola-450x450.png 450w, https:\/\/www.cascinamasueria.it\/wp-content\/uploads\/2024\/09\/granella-nocciola-106x106.png 106w, https:\/\/www.cascinamasueria.it\/wp-content\/uploads\/2024\/09\/granella-nocciola-560x560.png 560w, https:\/\/www.cascinamasueria.it\/wp-content\/uploads\/2024\/09\/granella-nocciola-70x70.png 70w, https:\/\/www.cascinamasueria.it\/wp-content\/uploads\/2024\/09\/granella-nocciola-600x600.png 600w, https:\/\/www.cascinamasueria.it\/wp-content\/uploads\/2024\/09\/granella-nocciola-100x100.png 100w, https:\/\/www.cascinamasueria.it\/wp-content\/uploads\/2024\/09\/granella-nocciola.png 800w\" sizes=\"(max-width: 300px) 100vw, 300px\" \/><\/div>\n\t\t\t\t\t<div class=\"wc-block-grid__product-title\">Graines de noisette<\/div>\n\t\t\t\t<\/a>\n\t\t\t\t<div class=\"wc-block-grid__product-price price\"><span class=\"woocommerce-Price-amount amount\">6,50&nbsp;<span class=\"woocommerce-Price-currencySymbol\">&euro;<\/span><\/span><\/div>\n\t\t\t\t\n\t\t\t\t<div class=\"wp-block-button wc-block-grid__product-add-to-cart\"><a href=\"https:\/\/www.cascinamasueria.it\/fr\/prodotto\/graines-de-noisette\/\" aria-label=\"S\u00e9lectionner les options pour &ldquo;Graines de noisette&rdquo;\" data-quantity=\"1\" data-product_id=\"13984\" data-product_sku=\"\" data-price=\"6.5\" rel=\"nofollow\" class=\"wp-block-button__link  add_to_cart_button\">Choix des options<\/a><\/div>\n\t\t\t<\/li><\/ul><\/div><\/div><\/div><\/div>\n<\/div>\n<\/div>\n<\/div>\n<\/div>\n\n<p><\/p>\n","protected":false},"excerpt":{"rendered":"<p>Attention : pour des raisons logistiques, les envois \u00e0 destination de la ville de Venise sont trait\u00e9s par t\u00e9l\u00e9phone \u00e0 l&rsquo;adresse 3386578740.<\/p>\n","protected":false},"author":1,"featured_media":0,"parent":0,"menu_order":0,"comment_status":"closed","ping_status":"closed","template":"","meta":{"footnotes":""},"class_list":["post-13768","page","type-page","status-publish","hentry"],"yoast_head":"<!-- This site is optimized with the Yoast SEO plugin v24.9 - https:\/\/yoast.com\/wordpress\/plugins\/seo\/ -->\n<title>Cascina Masueria - Votre panier de produits.<\/title>\n<meta name=\"description\" content=\"Voir les produits Cascina Masueria dans le panier. Poursuivre les achats \u00e0 partir d&#039;ici.\" \/>\n<meta name=\"robots\" content=\"index, follow, max-snippet:-1, max-image-preview:large, max-video-preview:-1\" \/>\n<link rel=\"canonical\" href=\"https:\/\/www.cascinamasueria.it\/fr\/panier\/\" \/>\n<meta property=\"og:locale\" content=\"fr_FR\" \/>\n<meta property=\"og:type\" content=\"article\" \/>\n<meta property=\"og:title\" content=\"Cascina Masueria - Votre panier de produits.\" \/>\n<meta property=\"og:description\" content=\"Voir les produits Cascina Masueria dans le panier. Poursuivre les achats \u00e0 partir d&#039;ici.\" \/>\n<meta property=\"og:url\" content=\"https:\/\/www.cascinamasueria.it\/fr\/panier\/\" \/>\n<meta property=\"og:site_name\" content=\"Cascina Masueria\" \/>\n<meta property=\"article:modified_time\" content=\"2025-01-28T14:29:33+00:00\" \/>\n<meta property=\"og:image\" content=\"https:\/\/www.cascinamasueria.it\/wp-content\/uploads\/2024\/10\/desert_7864558.png\" \/>\n\t<meta property=\"og:image:width\" content=\"512\" \/>\n\t<meta property=\"og:image:height\" content=\"512\" \/>\n\t<meta property=\"og:image:type\" content=\"image\/png\" \/>\n<meta name=\"twitter:card\" content=\"summary_large_image\" \/>\n<script type=\"application\/ld+json\" class=\"yoast-schema-graph\">{\"@context\":\"https:\/\/schema.org\",\"@graph\":[{\"@type\":\"WebPage\",\"@id\":\"https:\/\/www.cascinamasueria.it\/fr\/panier\/\",\"url\":\"https:\/\/www.cascinamasueria.it\/fr\/panier\/\",\"name\":\"Cascina Masueria - Votre panier de produits.\",\"isPartOf\":{\"@id\":\"https:\/\/www.cascinamasueria.it\/fr\/#website\"},\"primaryImageOfPage\":{\"@id\":\"https:\/\/www.cascinamasueria.it\/fr\/panier\/#primaryimage\"},\"image\":{\"@id\":\"https:\/\/www.cascinamasueria.it\/fr\/panier\/#primaryimage\"},\"thumbnailUrl\":\"https:\/\/www.cascinamasueria.it\/wp-content\/uploads\/2024\/10\/desert_7864558.png\",\"datePublished\":\"2024-04-22T07:22:53+00:00\",\"dateModified\":\"2025-01-28T14:29:33+00:00\",\"description\":\"Voir les produits Cascina Masueria dans le panier. Poursuivre les achats \u00e0 partir d'ici.\",\"breadcrumb\":{\"@id\":\"https:\/\/www.cascinamasueria.it\/fr\/panier\/#breadcrumb\"},\"inLanguage\":\"fr-FR\",\"potentialAction\":[{\"@type\":\"ReadAction\",\"target\":[\"https:\/\/www.cascinamasueria.it\/fr\/panier\/\"]}]},{\"@type\":\"ImageObject\",\"inLanguage\":\"fr-FR\",\"@id\":\"https:\/\/www.cascinamasueria.it\/fr\/panier\/#primaryimage\",\"url\":\"https:\/\/www.cascinamasueria.it\/wp-content\/uploads\/2024\/10\/desert_7864558.png\",\"contentUrl\":\"https:\/\/www.cascinamasueria.it\/wp-content\/uploads\/2024\/10\/desert_7864558.png\"},{\"@type\":\"BreadcrumbList\",\"@id\":\"https:\/\/www.cascinamasueria.it\/fr\/panier\/#breadcrumb\",\"itemListElement\":[{\"@type\":\"ListItem\",\"position\":1,\"name\":\"Home\",\"item\":\"https:\/\/www.cascinamasueria.it\/fr\/\"},{\"@type\":\"ListItem\",\"position\":2,\"name\":\"Panier\"}]},{\"@type\":\"WebSite\",\"@id\":\"https:\/\/www.cascinamasueria.it\/fr\/#website\",\"url\":\"https:\/\/www.cascinamasueria.it\/fr\/\",\"name\":\"Cascina Masueria\",\"description\":\"Coltivazione e trasformazione nocciola Piemonte IGP\",\"publisher\":{\"@id\":\"https:\/\/www.cascinamasueria.it\/fr\/#organization\"},\"potentialAction\":[{\"@type\":\"SearchAction\",\"target\":{\"@type\":\"EntryPoint\",\"urlTemplate\":\"https:\/\/www.cascinamasueria.it\/fr\/?s={search_term_string}\"},\"query-input\":{\"@type\":\"PropertyValueSpecification\",\"valueRequired\":true,\"valueName\":\"search_term_string\"}}],\"inLanguage\":\"fr-FR\"},{\"@type\":\"Organization\",\"@id\":\"https:\/\/www.cascinamasueria.it\/fr\/#organization\",\"name\":\"Cascina Masueria\",\"url\":\"https:\/\/www.cascinamasueria.it\/fr\/\",\"logo\":{\"@type\":\"ImageObject\",\"inLanguage\":\"fr-FR\",\"@id\":\"https:\/\/www.cascinamasueria.it\/fr\/#\/schema\/logo\/image\/\",\"url\":\"https:\/\/www.cascinamasueria.it\/wp-content\/uploads\/2024\/09\/logo-masueria-positivo.png\",\"contentUrl\":\"https:\/\/www.cascinamasueria.it\/wp-content\/uploads\/2024\/09\/logo-masueria-positivo.png\",\"width\":347,\"height\":125,\"caption\":\"Cascina Masueria\"},\"image\":{\"@id\":\"https:\/\/www.cascinamasueria.it\/fr\/#\/schema\/logo\/image\/\"}}]}<\/script>\n<!-- \/ Yoast SEO plugin. -->","yoast_head_json":{"title":"Cascina Masueria - Votre panier de produits.","description":"Voir les produits Cascina Masueria dans le panier. Poursuivre les achats \u00e0 partir d'ici.","robots":{"index":"index","follow":"follow","max-snippet":"max-snippet:-1","max-image-preview":"max-image-preview:large","max-video-preview":"max-video-preview:-1"},"canonical":"https:\/\/www.cascinamasueria.it\/fr\/panier\/","og_locale":"fr_FR","og_type":"article","og_title":"Cascina Masueria - Votre panier de produits.","og_description":"Voir les produits Cascina Masueria dans le panier. Poursuivre les achats \u00e0 partir d'ici.","og_url":"https:\/\/www.cascinamasueria.it\/fr\/panier\/","og_site_name":"Cascina Masueria","article_modified_time":"2025-01-28T14:29:33+00:00","og_image":[{"width":512,"height":512,"url":"https:\/\/www.cascinamasueria.it\/wp-content\/uploads\/2024\/10\/desert_7864558.png","type":"image\/png"}],"twitter_card":"summary_large_image","schema":{"@context":"https:\/\/schema.org","@graph":[{"@type":"WebPage","@id":"https:\/\/www.cascinamasueria.it\/fr\/panier\/","url":"https:\/\/www.cascinamasueria.it\/fr\/panier\/","name":"Cascina Masueria - Votre panier de produits.","isPartOf":{"@id":"https:\/\/www.cascinamasueria.it\/fr\/#website"},"primaryImageOfPage":{"@id":"https:\/\/www.cascinamasueria.it\/fr\/panier\/#primaryimage"},"image":{"@id":"https:\/\/www.cascinamasueria.it\/fr\/panier\/#primaryimage"},"thumbnailUrl":"https:\/\/www.cascinamasueria.it\/wp-content\/uploads\/2024\/10\/desert_7864558.png","datePublished":"2024-04-22T07:22:53+00:00","dateModified":"2025-01-28T14:29:33+00:00","description":"Voir les produits Cascina Masueria dans le panier. Poursuivre les achats \u00e0 partir d'ici.","breadcrumb":{"@id":"https:\/\/www.cascinamasueria.it\/fr\/panier\/#breadcrumb"},"inLanguage":"fr-FR","potentialAction":[{"@type":"ReadAction","target":["https:\/\/www.cascinamasueria.it\/fr\/panier\/"]}]},{"@type":"ImageObject","inLanguage":"fr-FR","@id":"https:\/\/www.cascinamasueria.it\/fr\/panier\/#primaryimage","url":"https:\/\/www.cascinamasueria.it\/wp-content\/uploads\/2024\/10\/desert_7864558.png","contentUrl":"https:\/\/www.cascinamasueria.it\/wp-content\/uploads\/2024\/10\/desert_7864558.png"},{"@type":"BreadcrumbList","@id":"https:\/\/www.cascinamasueria.it\/fr\/panier\/#breadcrumb","itemListElement":[{"@type":"ListItem","position":1,"name":"Home","item":"https:\/\/www.cascinamasueria.it\/fr\/"},{"@type":"ListItem","position":2,"name":"Panier"}]},{"@type":"WebSite","@id":"https:\/\/www.cascinamasueria.it\/fr\/#website","url":"https:\/\/www.cascinamasueria.it\/fr\/","name":"Cascina Masueria","description":"Coltivazione e trasformazione nocciola Piemonte IGP","publisher":{"@id":"https:\/\/www.cascinamasueria.it\/fr\/#organization"},"potentialAction":[{"@type":"SearchAction","target":{"@type":"EntryPoint","urlTemplate":"https:\/\/www.cascinamasueria.it\/fr\/?s={search_term_string}"},"query-input":{"@type":"PropertyValueSpecification","valueRequired":true,"valueName":"search_term_string"}}],"inLanguage":"fr-FR"},{"@type":"Organization","@id":"https:\/\/www.cascinamasueria.it\/fr\/#organization","name":"Cascina Masueria","url":"https:\/\/www.cascinamasueria.it\/fr\/","logo":{"@type":"ImageObject","inLanguage":"fr-FR","@id":"https:\/\/www.cascinamasueria.it\/fr\/#\/schema\/logo\/image\/","url":"https:\/\/www.cascinamasueria.it\/wp-content\/uploads\/2024\/09\/logo-masueria-positivo.png","contentUrl":"https:\/\/www.cascinamasueria.it\/wp-content\/uploads\/2024\/09\/logo-masueria-positivo.png","width":347,"height":125,"caption":"Cascina Masueria"},"image":{"@id":"https:\/\/www.cascinamasueria.it\/fr\/#\/schema\/logo\/image\/"}}]}},"_links":{"self":[{"href":"https:\/\/www.cascinamasueria.it\/fr\/wp-json\/wp\/v2\/pages\/13768","targetHints":{"allow":["GET"]}}],"collection":[{"href":"https:\/\/www.cascinamasueria.it\/fr\/wp-json\/wp\/v2\/pages"}],"about":[{"href":"https:\/\/www.cascinamasueria.it\/fr\/wp-json\/wp\/v2\/types\/page"}],"author":[{"embeddable":true,"href":"https:\/\/www.cascinamasueria.it\/fr\/wp-json\/wp\/v2\/users\/1"}],"replies":[{"embeddable":true,"href":"https:\/\/www.cascinamasueria.it\/fr\/wp-json\/wp\/v2\/comments?post=13768"}],"version-history":[{"count":2,"href":"https:\/\/www.cascinamasueria.it\/fr\/wp-json\/wp\/v2\/pages\/13768\/revisions"}],"predecessor-version":[{"id":13952,"href":"https:\/\/www.cascinamasueria.it\/fr\/wp-json\/wp\/v2\/pages\/13768\/revisions\/13952"}],"wp:attachment":[{"href":"https:\/\/www.cascinamasueria.it\/fr\/wp-json\/wp\/v2\/media?parent=13768"}],"curies":[{"name":"wp","href":"https:\/\/api.w.org\/{rel}","templated":true}]}}