{"id":13969,"date":"2024-09-26T09:21:52","date_gmt":"2024-09-26T09:21:52","guid":{"rendered":"https:\/\/www.cascinamasueria.it\/noisette-du-piemont-igp\/"},"modified":"2025-01-28T15:12:43","modified_gmt":"2025-01-28T15:12:43","slug":"noisette-du-piemont-igp","status":"publish","type":"page","link":"https:\/\/www.cascinamasueria.it\/fr\/noisette-du-piemont-igp\/","title":{"rendered":"Noisette du Pi\u00e9mont IGP"},"content":{"rendered":"\t\t<div data-elementor-type=\"wp-page\" data-elementor-id=\"13969\" class=\"elementor elementor-13969 elementor-13104\" data-elementor-post-type=\"page\">\n\t\t\t\t<div class=\"elementor-element elementor-element-36da811 e-con-full elementor-hidden-tablet elementor-hidden-mobile e-flex e-con e-parent\" data-id=\"36da811\" data-element_type=\"container\">\n\t\t\t\t<div class=\"elementor-element elementor-element-1d613e0 elementor-arrows-position-inside elementor-widget elementor-widget-image-carousel\" data-id=\"1d613e0\" data-element_type=\"widget\" data-settings=\"{&quot;slides_to_show&quot;:&quot;1&quot;,&quot;navigation&quot;:&quot;arrows&quot;,&quot;lazyload&quot;:&quot;yes&quot;,&quot;autoplay_speed&quot;:2000,&quot;autoplay&quot;:&quot;yes&quot;,&quot;pause_on_hover&quot;:&quot;yes&quot;,&quot;pause_on_interaction&quot;:&quot;yes&quot;,&quot;infinite&quot;:&quot;yes&quot;,&quot;effect&quot;:&quot;slide&quot;,&quot;speed&quot;:500}\" data-widget_type=\"image-carousel.default\">\n\t\t\t\t<div class=\"elementor-widget-container\">\n\t\t\t\t\t\t\t<div class=\"elementor-image-carousel-wrapper swiper\" role=\"region\" aria-roledescription=\"carousel\" aria-label=\"Carrousel d\u2019images\" dir=\"ltr\">\n\t\t\t<div class=\"elementor-image-carousel swiper-wrapper\" aria-live=\"off\">\n\t\t\t\t\t\t\t\t<div class=\"swiper-slide\" role=\"group\" aria-roledescription=\"slide\" aria-label=\"1 sur 4\"><figure class=\"swiper-slide-inner\"><img class=\"swiper-slide-image swiper-lazy\" data-src=\"https:\/\/www.cascinamasueria.it\/wp-content\/uploads\/2024\/09\/nocciola-igp-1.jpg\" alt=\"Nocciola piemonte IGP\" \/><div class=\"swiper-lazy-preloader\"><\/div><\/figure><\/div><div class=\"swiper-slide\" role=\"group\" aria-roledescription=\"slide\" aria-label=\"2 sur 4\"><figure class=\"swiper-slide-inner\"><img class=\"swiper-slide-image swiper-lazy\" data-src=\"https:\/\/www.cascinamasueria.it\/wp-content\/uploads\/2024\/09\/nocciola-igp-2.jpg\" alt=\"Nocciola piemonte IGP\" \/><div class=\"swiper-lazy-preloader\"><\/div><\/figure><\/div><div class=\"swiper-slide\" role=\"group\" aria-roledescription=\"slide\" aria-label=\"3 sur 4\"><figure class=\"swiper-slide-inner\"><img class=\"swiper-slide-image swiper-lazy\" data-src=\"https:\/\/www.cascinamasueria.it\/wp-content\/uploads\/2024\/09\/nocciola-igp-3.jpg\" alt=\"Nocciola piemonte IGP\" \/><div class=\"swiper-lazy-preloader\"><\/div><\/figure><\/div><div class=\"swiper-slide\" role=\"group\" aria-roledescription=\"slide\" aria-label=\"4 sur 4\"><figure class=\"swiper-slide-inner\"><img class=\"swiper-slide-image swiper-lazy\" data-src=\"https:\/\/www.cascinamasueria.it\/wp-content\/uploads\/2024\/09\/nocciola-igp-4.jpg\" alt=\"Nocciola piemonte IGP\" \/><div class=\"swiper-lazy-preloader\"><\/div><\/figure><\/div>\t\t\t<\/div>\n\t\t\t\t\t\t\t\t\t\t\t\t<div class=\"elementor-swiper-button elementor-swiper-button-prev\" role=\"button\" tabindex=\"0\">\n\t\t\t\t\t\t<svg aria-hidden=\"true\" class=\"e-font-icon-svg e-eicon-chevron-left\" viewBox=\"0 0 1000 1000\" xmlns=\"http:\/\/www.w3.org\/2000\/svg\"><path d=\"M646 125C629 125 613 133 604 142L308 442C296 454 292 471 292 487 292 504 296 521 308 533L604 854C617 867 629 875 646 875 663 875 679 871 692 858 704 846 713 829 713 812 713 796 708 779 692 767L438 487 692 225C700 217 708 204 708 187 708 171 704 154 692 142 675 129 663 125 646 125Z\"><\/path><\/svg>\t\t\t\t\t<\/div>\n\t\t\t\t\t<div class=\"elementor-swiper-button elementor-swiper-button-next\" role=\"button\" tabindex=\"0\">\n\t\t\t\t\t\t<svg aria-hidden=\"true\" class=\"e-font-icon-svg e-eicon-chevron-right\" viewBox=\"0 0 1000 1000\" xmlns=\"http:\/\/www.w3.org\/2000\/svg\"><path d=\"M696 533C708 521 713 504 713 487 713 471 708 454 696 446L400 146C388 133 375 125 354 125 338 125 325 129 313 142 300 154 292 171 292 187 292 204 296 221 308 233L563 492 304 771C292 783 288 800 288 817 288 833 296 850 308 863 321 871 338 875 354 875 371 875 388 867 400 854L696 533Z\"><\/path><\/svg>\t\t\t\t\t<\/div>\n\t\t\t\t\n\t\t\t\t\t\t\t\t\t<\/div>\n\t\t\t\t\t\t<\/div>\n\t\t\t\t<\/div>\n\t\t\t\t<\/div>\n\t\t<div class=\"elementor-element elementor-element-b4dbb52 e-con-full elementor-hidden-desktop e-flex e-con e-parent\" data-id=\"b4dbb52\" data-element_type=\"container\">\n\t\t\t\t<div class=\"elementor-element elementor-element-62a1335 elementor-arrows-position-inside elementor-widget elementor-widget-image-carousel\" data-id=\"62a1335\" data-element_type=\"widget\" data-settings=\"{&quot;slides_to_show&quot;:&quot;1&quot;,&quot;navigation&quot;:&quot;arrows&quot;,&quot;lazyload&quot;:&quot;yes&quot;,&quot;autoplay_speed&quot;:2000,&quot;autoplay&quot;:&quot;yes&quot;,&quot;pause_on_hover&quot;:&quot;yes&quot;,&quot;pause_on_interaction&quot;:&quot;yes&quot;,&quot;infinite&quot;:&quot;yes&quot;,&quot;effect&quot;:&quot;slide&quot;,&quot;speed&quot;:500}\" data-widget_type=\"image-carousel.default\">\n\t\t\t\t<div class=\"elementor-widget-container\">\n\t\t\t\t\t\t\t<div class=\"elementor-image-carousel-wrapper swiper\" role=\"region\" aria-roledescription=\"carousel\" aria-label=\"Carrousel d\u2019images\" dir=\"ltr\">\n\t\t\t<div class=\"elementor-image-carousel swiper-wrapper\" aria-live=\"off\">\n\t\t\t\t\t\t\t\t<div class=\"swiper-slide\" role=\"group\" aria-roledescription=\"slide\" aria-label=\"1 sur 4\"><figure class=\"swiper-slide-inner\"><img class=\"swiper-slide-image swiper-lazy\" data-src=\"https:\/\/www.cascinamasueria.it\/wp-content\/uploads\/elementor\/thumbs\/nocciola-igp-1-qxl1doo18pz4jfawhsehhblh3xmu8i76b5fmryb9lk.jpg\" alt=\"Nocciola piemonte IGP\" \/><div class=\"swiper-lazy-preloader\"><\/div><\/figure><\/div><div class=\"swiper-slide\" role=\"group\" aria-roledescription=\"slide\" aria-label=\"2 sur 4\"><figure class=\"swiper-slide-inner\"><img class=\"swiper-slide-image swiper-lazy\" data-src=\"https:\/\/www.cascinamasueria.it\/wp-content\/uploads\/elementor\/thumbs\/nocciola-igp-2-qxl1doo18pz4jfawhsehhblh3xmu8i76b5fmryb9lk.jpg\" alt=\"Nocciola piemonte IGP\" \/><div class=\"swiper-lazy-preloader\"><\/div><\/figure><\/div><div class=\"swiper-slide\" role=\"group\" aria-roledescription=\"slide\" aria-label=\"3 sur 4\"><figure class=\"swiper-slide-inner\"><img class=\"swiper-slide-image swiper-lazy\" data-src=\"https:\/\/www.cascinamasueria.it\/wp-content\/uploads\/elementor\/thumbs\/nocciola-igp-3-qxl1doo18pz4jfawhsehhblh3xmu8i76b5fmryb9lk.jpg\" alt=\"Nocciola piemonte IGP\" \/><div class=\"swiper-lazy-preloader\"><\/div><\/figure><\/div><div class=\"swiper-slide\" role=\"group\" aria-roledescription=\"slide\" aria-label=\"4 sur 4\"><figure class=\"swiper-slide-inner\"><img class=\"swiper-slide-image swiper-lazy\" data-src=\"https:\/\/www.cascinamasueria.it\/wp-content\/uploads\/elementor\/thumbs\/nocciola-igp-4-qxl1doo18pz4jfawhsehhblh3xmu8i76b5fmryb9lk.jpg\" alt=\"Nocciola piemonte IGP\" \/><div class=\"swiper-lazy-preloader\"><\/div><\/figure><\/div>\t\t\t<\/div>\n\t\t\t\t\t\t\t\t\t\t\t\t<div class=\"elementor-swiper-button elementor-swiper-button-prev\" role=\"button\" tabindex=\"0\">\n\t\t\t\t\t\t<svg aria-hidden=\"true\" class=\"e-font-icon-svg e-eicon-chevron-left\" viewBox=\"0 0 1000 1000\" xmlns=\"http:\/\/www.w3.org\/2000\/svg\"><path d=\"M646 125C629 125 613 133 604 142L308 442C296 454 292 471 292 487 292 504 296 521 308 533L604 854C617 867 629 875 646 875 663 875 679 871 692 858 704 846 713 829 713 812 713 796 708 779 692 767L438 487 692 225C700 217 708 204 708 187 708 171 704 154 692 142 675 129 663 125 646 125Z\"><\/path><\/svg>\t\t\t\t\t<\/div>\n\t\t\t\t\t<div class=\"elementor-swiper-button elementor-swiper-button-next\" role=\"button\" tabindex=\"0\">\n\t\t\t\t\t\t<svg aria-hidden=\"true\" class=\"e-font-icon-svg e-eicon-chevron-right\" viewBox=\"0 0 1000 1000\" xmlns=\"http:\/\/www.w3.org\/2000\/svg\"><path d=\"M696 533C708 521 713 504 713 487 713 471 708 454 696 446L400 146C388 133 375 125 354 125 338 125 325 129 313 142 300 154 292 171 292 187 292 204 296 221 308 233L563 492 304 771C292 783 288 800 288 817 288 833 296 850 308 863 321 871 338 875 354 875 371 875 388 867 400 854L696 533Z\"><\/path><\/svg>\t\t\t\t\t<\/div>\n\t\t\t\t\n\t\t\t\t\t\t\t\t\t<\/div>\n\t\t\t\t\t\t<\/div>\n\t\t\t\t<\/div>\n\t\t\t\t<\/div>\n\t\t<div class=\"elementor-element elementor-element-aacda47 e-flex e-con-boxed e-con e-parent\" data-id=\"aacda47\" data-element_type=\"container\">\n\t\t\t\t\t<div class=\"e-con-inner\">\n\t\t\t\t<div class=\"elementor-element elementor-element-83781bd elementor-widget elementor-widget-heading\" data-id=\"83781bd\" data-element_type=\"widget\" data-widget_type=\"heading.default\">\n\t\t\t\t<div class=\"elementor-widget-container\">\n\t\t\t\t\t<h1 class=\"elementor-heading-title elementor-size-default\">Noisette du Pi\u00e9mont IGP<\/h1>\t\t\t\t<\/div>\n\t\t\t\t<\/div>\n\t\t\t\t<div class=\"elementor-element elementor-element-ed30230 elementor-widget elementor-widget-heading\" data-id=\"ed30230\" data-element_type=\"widget\" data-widget_type=\"heading.default\">\n\t\t\t\t<div class=\"elementor-widget-container\">\n\t\t\t\t\t<h2 class=\"elementor-heading-title elementor-size-default\">La \"Nocciola Piemonte IGP\" est l\u2019une des vari\u00e9t\u00e9s de noisettes les plus appr\u00e9ci\u00e9es au monde pour sa qualit\u00e9 exceptionnelle. Cultiv\u00e9e principalement dans les r\u00e9gions des Langhe, du Roero et du Monferrato, cette noisette est prot\u00e9g\u00e9e par l\u2019Indication G\u00e9ographique Prot\u00e9g\u00e9e (IGP), qui garantit son origine et sa qualit\u00e9. <\/h2>\t\t\t\t<\/div>\n\t\t\t\t<\/div>\n\t\t\t\t<div class=\"elementor-element elementor-element-0d89748 elementor-widget elementor-widget-text-editor\" data-id=\"0d89748\" data-element_type=\"widget\" data-widget_type=\"text-editor.default\">\n\t\t\t\t<div class=\"elementor-widget-container\">\n\t\t\t\t\t\t\t\t\t<p>La mention \u00ab Langhe \u00bb nous est donn\u00e9e par la position g\u00e9ographique de nos noisetiers, tous situ\u00e9s sur le territoire de l\u2019Alta Langa.<\/p>\n<p><strong>La particularit\u00e9 de cette noisette r\u00e9side dans la combinaison de caract\u00e9ristiques organoleptiques uniques<\/strong>. Sa forme sph\u00e9ro\u00efdale, sa coque dure et ses graines compactes et croquantes le rendent id\u00e9al pour une longue conservation. Mais c\u2019est son <strong>go\u00fbt, intense et aromatique,<\/strong> qui a conquis les palais les plus exigeants. Sa <strong>saveur est persistante<\/strong>, avec des notes d\u00e9licates qui en font un ingr\u00e9dient pr\u00e9cieux dans de nombreuses pr\u00e9parations.   <\/p>\n\t\t\t\t\t\t\t\t<\/div>\n\t\t\t\t<\/div>\n\t\t\t\t<div class=\"elementor-element elementor-element-9db4096 elementor-widget elementor-widget-text-editor\" data-id=\"9db4096\" data-element_type=\"widget\" data-widget_type=\"text-editor.default\">\n\t\t\t\t<div class=\"elementor-widget-container\">\n\t\t\t\t\t\t\t\t\t<p>La \u00ab Nocciola Piemonte IGP \u00bb des Langhe est particuli\u00e8rement <strong>appr\u00e9ci\u00e9e en cuisine<\/strong> dans la <strong>pr\u00e9paration de desserts<\/strong>, comme le chocolat, les chocolats, les p\u00e2tes \u00e0 tartiner et les desserts typiques du Pi\u00e9mont, comme le c\u00e9l\u00e8bre <strong>gianduiotto<\/strong>. Sa capacit\u00e9 \u00e0 conserver la saveur intacte m\u00eame apr\u00e8s la torr\u00e9faction la rend parfaite pour ces applications. <\/p>\n\t\t\t\t\t\t\t\t<\/div>\n\t\t\t\t<\/div>\n\t\t\t\t<div class=\"elementor-element elementor-element-6999133 elementor-widget elementor-widget-text-editor\" data-id=\"6999133\" data-element_type=\"widget\" data-widget_type=\"text-editor.default\">\n\t\t\t\t<div class=\"elementor-widget-container\">\n\t\t\t\t\t\t\t\t\t<p>L\u2019excellence de ce produit est due non seulement aux caract\u00e9ristiques intrins\u00e8ques de la vari\u00e9t\u00e9, mais \u00e9galement aux conditions environnementales des zones dans lesquelles elle est cultiv\u00e9e. Le climat de l\u2019Alta Langa, avec des \u00e9t\u00e9s pas trop chauds et des hivers froids, favorise une maturation optimale des fruits.  <br \/>Les sols vallonn\u00e9s et bien drain\u00e9s contribuent \u00e9galement \u00e0 d\u00e9terminer la qualit\u00e9 finale du produit.<\/p>\n\t\t\t\t\t\t\t\t<\/div>\n\t\t\t\t<\/div>\n\t\t\t\t<div class=\"elementor-element elementor-element-c517774 elementor-widget elementor-widget-text-editor\" data-id=\"c517774\" data-element_type=\"widget\" data-widget_type=\"text-editor.default\">\n\t\t\t\t<div class=\"elementor-widget-container\">\n\t\t\t\t\t\t\t\t\t<p>Dans le Pi\u00e9mont, la culture des noisettes a une longue tradition et est encore r\u00e9alis\u00e9e aujourd\u2019hui avec des m\u00e9thodes respectueuses de l\u2019environnement et du territoire. Le Consortium pour la Protection de la \u00ab Nocciola Piemonte IGP \u00bb joue un r\u00f4le fondamental en <strong>garantissant la qualit\u00e9<\/strong> et la <strong>tra\u00e7abilit\u00e9 du produit<\/strong>, en surveillant toute la cha\u00eene de production, de la culture \u00e0 la commercialisation en passant par la transformation. <\/p>\n\t\t\t\t\t\t\t\t<\/div>\n\t\t\t\t<\/div>\n\t\t\t\t<div class=\"elementor-element elementor-element-264ab98 elementor-widget elementor-widget-text-editor\" data-id=\"264ab98\" data-element_type=\"widget\" data-widget_type=\"text-editor.default\">\n\t\t\t\t<div class=\"elementor-widget-container\">\n\t\t\t\t\t\t\t\t\t<p>L\u2019obtention du <strong>label IGP<\/strong> nous a permis de valoriser encore davantage cette excellence italienne, en la <strong>prot\u00e9geant des imitations et des contrefa\u00e7ons<\/strong>.<br \/>Sans compter que cette appellation a stimul\u00e9 l\u2019expansion du march\u00e9 de la \u00ab Nocciola Piemonte IGP \u00bb, aujourd\u2019hui <strong>export\u00e9e dans de nombreux pays<\/strong>, o\u00f9 elle est utilis\u00e9e par les plus<strong> grands p\u00e2tissiers<\/strong> et <strong>chocolatiers<\/strong>.<\/p>\n\t\t\t\t\t\t\t\t<\/div>\n\t\t\t\t<\/div>\n\t\t\t\t<div class=\"elementor-element elementor-element-e284698 elementor-widget elementor-widget-text-editor\" data-id=\"e284698\" data-element_type=\"widget\" data-widget_type=\"text-editor.default\">\n\t\t\t\t<div class=\"elementor-widget-container\">\n\t\t\t\t\t\t\t\t\t<p>La \u00ab Nocciola Piemonte IGP \u00bb n\u2019est pas seulement un ingr\u00e9dient de haute qualit\u00e9, mais repr\u00e9sente un symbole de la tradition agricole pi\u00e9montaise et du lien profond avec le territoire. Son histoire, sa saveur incomparable et son r\u00f4le dans l\u2019\u00e9conomie locale en font une v\u00e9ritable <strong>excellence gastronomique<\/strong>, appr\u00e9ci\u00e9e et <strong>reconnue au niveau international<\/strong>. <\/p>\n\t\t\t\t\t\t\t\t<\/div>\n\t\t\t\t<\/div>\n\t\t\t\t\t<\/div>\n\t\t\t\t<\/div>\n\t\t\t\t<\/div>\n\t\t","protected":false},"excerpt":{"rendered":"<p>Noisette du Pi\u00e9mont IGP La \u00ab\u00a0Nocciola Piemonte IGP\u00a0\u00bb est l\u2019une des vari\u00e9t\u00e9s de noisettes les plus appr\u00e9ci\u00e9es au monde pour sa qualit\u00e9 exceptionnelle. Cultiv\u00e9e principalement dans les r\u00e9gions des Langhe, du Roero et du Monferrato, cette noisette est prot\u00e9g\u00e9e par l\u2019Indication G\u00e9ographique Prot\u00e9g\u00e9e (IGP), qui garantit son origine et sa qualit\u00e9. La mention \u00ab Langhe [&hellip;]<\/p>\n","protected":false},"author":1,"featured_media":0,"parent":0,"menu_order":0,"comment_status":"closed","ping_status":"closed","template":"elementor_header_footer","meta":{"footnotes":""},"class_list":["post-13969","page","type-page","status-publish","hentry"],"yoast_head":"<!-- This site is optimized with the Yoast SEO plugin v24.9 - https:\/\/yoast.com\/wordpress\/plugins\/seo\/ -->\n<title>Cascina Masueria - La noisette du Pi\u00e9mont IGP est la vari\u00e9t\u00e9 la plus populaire au monde.<\/title>\n<meta name=\"description\" content=\"La noisette du Pi\u00e9mont IGP, cultiv\u00e9e dans les Langhe, est le symbole de la tradition agricole du Pi\u00e9mont et de son lien avec le territoire.\" \/>\n<meta name=\"robots\" content=\"index, follow, max-snippet:-1, max-image-preview:large, max-video-preview:-1\" \/>\n<link rel=\"canonical\" href=\"https:\/\/www.cascinamasueria.it\/fr\/noisette-du-piemont-igp\/\" \/>\n<meta property=\"og:locale\" content=\"fr_FR\" \/>\n<meta property=\"og:type\" content=\"article\" \/>\n<meta property=\"og:title\" content=\"Cascina Masueria - La noisette du Pi\u00e9mont IGP est la vari\u00e9t\u00e9 la plus populaire au monde.\" \/>\n<meta property=\"og:description\" content=\"La noisette du Pi\u00e9mont IGP, cultiv\u00e9e dans les Langhe, est le symbole de la tradition agricole du Pi\u00e9mont et de son lien avec le territoire.\" \/>\n<meta property=\"og:url\" content=\"https:\/\/www.cascinamasueria.it\/fr\/noisette-du-piemont-igp\/\" \/>\n<meta property=\"og:site_name\" content=\"Cascina Masueria\" \/>\n<meta property=\"article:modified_time\" content=\"2025-01-28T15:12:43+00:00\" \/>\n<meta property=\"og:image\" content=\"https:\/\/www.cascinamasueria.it\/wp-content\/uploads\/2024\/09\/nocciola-igp-1.jpg\" \/>\n<meta name=\"twitter:card\" content=\"summary_large_image\" \/>\n<meta name=\"twitter:label1\" content=\"Dur\u00e9e de lecture estim\u00e9e\" \/>\n\t<meta name=\"twitter:data1\" content=\"2 minutes\" \/>\n<script type=\"application\/ld+json\" class=\"yoast-schema-graph\">{\"@context\":\"https:\/\/schema.org\",\"@graph\":[{\"@type\":\"WebPage\",\"@id\":\"https:\/\/www.cascinamasueria.it\/fr\/noisette-du-piemont-igp\/\",\"url\":\"https:\/\/www.cascinamasueria.it\/fr\/noisette-du-piemont-igp\/\",\"name\":\"Cascina Masueria - La noisette du Pi\u00e9mont IGP est la vari\u00e9t\u00e9 la plus populaire au monde.\",\"isPartOf\":{\"@id\":\"https:\/\/www.cascinamasueria.it\/fr\/#website\"},\"primaryImageOfPage\":{\"@id\":\"https:\/\/www.cascinamasueria.it\/fr\/noisette-du-piemont-igp\/#primaryimage\"},\"image\":{\"@id\":\"https:\/\/www.cascinamasueria.it\/fr\/noisette-du-piemont-igp\/#primaryimage\"},\"thumbnailUrl\":\"https:\/\/www.cascinamasueria.it\/wp-content\/uploads\/2024\/09\/nocciola-igp-1.jpg\",\"datePublished\":\"2024-09-26T09:21:52+00:00\",\"dateModified\":\"2025-01-28T15:12:43+00:00\",\"description\":\"La noisette du Pi\u00e9mont IGP, cultiv\u00e9e dans les Langhe, est le symbole de la tradition agricole du Pi\u00e9mont et de son lien avec le territoire.\",\"breadcrumb\":{\"@id\":\"https:\/\/www.cascinamasueria.it\/fr\/noisette-du-piemont-igp\/#breadcrumb\"},\"inLanguage\":\"fr-FR\",\"potentialAction\":[{\"@type\":\"ReadAction\",\"target\":[\"https:\/\/www.cascinamasueria.it\/fr\/noisette-du-piemont-igp\/\"]}]},{\"@type\":\"ImageObject\",\"inLanguage\":\"fr-FR\",\"@id\":\"https:\/\/www.cascinamasueria.it\/fr\/noisette-du-piemont-igp\/#primaryimage\",\"url\":\"https:\/\/www.cascinamasueria.it\/wp-content\/uploads\/2024\/09\/nocciola-igp-1.jpg\",\"contentUrl\":\"https:\/\/www.cascinamasueria.it\/wp-content\/uploads\/2024\/09\/nocciola-igp-1.jpg\"},{\"@type\":\"BreadcrumbList\",\"@id\":\"https:\/\/www.cascinamasueria.it\/fr\/noisette-du-piemont-igp\/#breadcrumb\",\"itemListElement\":[{\"@type\":\"ListItem\",\"position\":1,\"name\":\"Home\",\"item\":\"https:\/\/www.cascinamasueria.it\/fr\/\"},{\"@type\":\"ListItem\",\"position\":2,\"name\":\"Noisette du Pi\u00e9mont IGP\"}]},{\"@type\":\"WebSite\",\"@id\":\"https:\/\/www.cascinamasueria.it\/fr\/#website\",\"url\":\"https:\/\/www.cascinamasueria.it\/fr\/\",\"name\":\"Cascina Masueria\",\"description\":\"Coltivazione e trasformazione nocciola Piemonte IGP\",\"publisher\":{\"@id\":\"https:\/\/www.cascinamasueria.it\/fr\/#organization\"},\"potentialAction\":[{\"@type\":\"SearchAction\",\"target\":{\"@type\":\"EntryPoint\",\"urlTemplate\":\"https:\/\/www.cascinamasueria.it\/fr\/?s={search_term_string}\"},\"query-input\":{\"@type\":\"PropertyValueSpecification\",\"valueRequired\":true,\"valueName\":\"search_term_string\"}}],\"inLanguage\":\"fr-FR\"},{\"@type\":\"Organization\",\"@id\":\"https:\/\/www.cascinamasueria.it\/fr\/#organization\",\"name\":\"Cascina Masueria\",\"url\":\"https:\/\/www.cascinamasueria.it\/fr\/\",\"logo\":{\"@type\":\"ImageObject\",\"inLanguage\":\"fr-FR\",\"@id\":\"https:\/\/www.cascinamasueria.it\/fr\/#\/schema\/logo\/image\/\",\"url\":\"https:\/\/www.cascinamasueria.it\/wp-content\/uploads\/2024\/09\/logo-masueria-positivo.png\",\"contentUrl\":\"https:\/\/www.cascinamasueria.it\/wp-content\/uploads\/2024\/09\/logo-masueria-positivo.png\",\"width\":347,\"height\":125,\"caption\":\"Cascina Masueria\"},\"image\":{\"@id\":\"https:\/\/www.cascinamasueria.it\/fr\/#\/schema\/logo\/image\/\"}}]}<\/script>\n<!-- \/ Yoast SEO plugin. -->","yoast_head_json":{"title":"Cascina Masueria - La noisette du Pi\u00e9mont IGP est la vari\u00e9t\u00e9 la plus populaire au monde.","description":"La noisette du Pi\u00e9mont IGP, cultiv\u00e9e dans les Langhe, est le symbole de la tradition agricole du Pi\u00e9mont et de son lien avec le territoire.","robots":{"index":"index","follow":"follow","max-snippet":"max-snippet:-1","max-image-preview":"max-image-preview:large","max-video-preview":"max-video-preview:-1"},"canonical":"https:\/\/www.cascinamasueria.it\/fr\/noisette-du-piemont-igp\/","og_locale":"fr_FR","og_type":"article","og_title":"Cascina Masueria - La noisette du Pi\u00e9mont IGP est la vari\u00e9t\u00e9 la plus populaire au monde.","og_description":"La noisette du Pi\u00e9mont IGP, cultiv\u00e9e dans les Langhe, est le symbole de la tradition agricole du Pi\u00e9mont et de son lien avec le territoire.","og_url":"https:\/\/www.cascinamasueria.it\/fr\/noisette-du-piemont-igp\/","og_site_name":"Cascina Masueria","article_modified_time":"2025-01-28T15:12:43+00:00","og_image":[{"url":"https:\/\/www.cascinamasueria.it\/wp-content\/uploads\/2024\/09\/nocciola-igp-1.jpg","type":"","width":"","height":""}],"twitter_card":"summary_large_image","twitter_misc":{"Dur\u00e9e de lecture estim\u00e9e":"2 minutes"},"schema":{"@context":"https:\/\/schema.org","@graph":[{"@type":"WebPage","@id":"https:\/\/www.cascinamasueria.it\/fr\/noisette-du-piemont-igp\/","url":"https:\/\/www.cascinamasueria.it\/fr\/noisette-du-piemont-igp\/","name":"Cascina Masueria - La noisette du Pi\u00e9mont IGP est la vari\u00e9t\u00e9 la plus populaire au monde.","isPartOf":{"@id":"https:\/\/www.cascinamasueria.it\/fr\/#website"},"primaryImageOfPage":{"@id":"https:\/\/www.cascinamasueria.it\/fr\/noisette-du-piemont-igp\/#primaryimage"},"image":{"@id":"https:\/\/www.cascinamasueria.it\/fr\/noisette-du-piemont-igp\/#primaryimage"},"thumbnailUrl":"https:\/\/www.cascinamasueria.it\/wp-content\/uploads\/2024\/09\/nocciola-igp-1.jpg","datePublished":"2024-09-26T09:21:52+00:00","dateModified":"2025-01-28T15:12:43+00:00","description":"La noisette du Pi\u00e9mont IGP, cultiv\u00e9e dans les Langhe, est le symbole de la tradition agricole du Pi\u00e9mont et de son lien avec le territoire.","breadcrumb":{"@id":"https:\/\/www.cascinamasueria.it\/fr\/noisette-du-piemont-igp\/#breadcrumb"},"inLanguage":"fr-FR","potentialAction":[{"@type":"ReadAction","target":["https:\/\/www.cascinamasueria.it\/fr\/noisette-du-piemont-igp\/"]}]},{"@type":"ImageObject","inLanguage":"fr-FR","@id":"https:\/\/www.cascinamasueria.it\/fr\/noisette-du-piemont-igp\/#primaryimage","url":"https:\/\/www.cascinamasueria.it\/wp-content\/uploads\/2024\/09\/nocciola-igp-1.jpg","contentUrl":"https:\/\/www.cascinamasueria.it\/wp-content\/uploads\/2024\/09\/nocciola-igp-1.jpg"},{"@type":"BreadcrumbList","@id":"https:\/\/www.cascinamasueria.it\/fr\/noisette-du-piemont-igp\/#breadcrumb","itemListElement":[{"@type":"ListItem","position":1,"name":"Home","item":"https:\/\/www.cascinamasueria.it\/fr\/"},{"@type":"ListItem","position":2,"name":"Noisette du Pi\u00e9mont IGP"}]},{"@type":"WebSite","@id":"https:\/\/www.cascinamasueria.it\/fr\/#website","url":"https:\/\/www.cascinamasueria.it\/fr\/","name":"Cascina Masueria","description":"Coltivazione e trasformazione nocciola Piemonte IGP","publisher":{"@id":"https:\/\/www.cascinamasueria.it\/fr\/#organization"},"potentialAction":[{"@type":"SearchAction","target":{"@type":"EntryPoint","urlTemplate":"https:\/\/www.cascinamasueria.it\/fr\/?s={search_term_string}"},"query-input":{"@type":"PropertyValueSpecification","valueRequired":true,"valueName":"search_term_string"}}],"inLanguage":"fr-FR"},{"@type":"Organization","@id":"https:\/\/www.cascinamasueria.it\/fr\/#organization","name":"Cascina Masueria","url":"https:\/\/www.cascinamasueria.it\/fr\/","logo":{"@type":"ImageObject","inLanguage":"fr-FR","@id":"https:\/\/www.cascinamasueria.it\/fr\/#\/schema\/logo\/image\/","url":"https:\/\/www.cascinamasueria.it\/wp-content\/uploads\/2024\/09\/logo-masueria-positivo.png","contentUrl":"https:\/\/www.cascinamasueria.it\/wp-content\/uploads\/2024\/09\/logo-masueria-positivo.png","width":347,"height":125,"caption":"Cascina Masueria"},"image":{"@id":"https:\/\/www.cascinamasueria.it\/fr\/#\/schema\/logo\/image\/"}}]}},"_links":{"self":[{"href":"https:\/\/www.cascinamasueria.it\/fr\/wp-json\/wp\/v2\/pages\/13969","targetHints":{"allow":["GET"]}}],"collection":[{"href":"https:\/\/www.cascinamasueria.it\/fr\/wp-json\/wp\/v2\/pages"}],"about":[{"href":"https:\/\/www.cascinamasueria.it\/fr\/wp-json\/wp\/v2\/types\/page"}],"author":[{"embeddable":true,"href":"https:\/\/www.cascinamasueria.it\/fr\/wp-json\/wp\/v2\/users\/1"}],"replies":[{"embeddable":true,"href":"https:\/\/www.cascinamasueria.it\/fr\/wp-json\/wp\/v2\/comments?post=13969"}],"version-history":[{"count":1,"href":"https:\/\/www.cascinamasueria.it\/fr\/wp-json\/wp\/v2\/pages\/13969\/revisions"}],"predecessor-version":[{"id":13972,"href":"https:\/\/www.cascinamasueria.it\/fr\/wp-json\/wp\/v2\/pages\/13969\/revisions\/13972"}],"wp:attachment":[{"href":"https:\/\/www.cascinamasueria.it\/fr\/wp-json\/wp\/v2\/media?parent=13969"}],"curies":[{"name":"wp","href":"https:\/\/api.w.org\/{rel}","templated":true}]}}