{"id":13979,"date":"2024-05-07T09:04:11","date_gmt":"2024-05-07T09:04:11","guid":{"rendered":"https:\/\/www.cascinamasueria.it\/prodotto\/noisettes-en-coque\/"},"modified":"2024-05-07T09:04:11","modified_gmt":"2024-05-07T09:04:11","slug":"noisettes-en-coque","status":"publish","type":"product","link":"https:\/\/www.cascinamasueria.it\/fr\/prodotto\/noisettes-en-coque\/","title":{"rendered":"Noisettes en coque"},"content":{"rendered":"","protected":false},"excerpt":{"rendered":"<p>La coque qui entoure la noisette est une protection naturelle, qui <strong>permet une longue conservation du produit \u00e0 l\u2019air libre, en pr\u00e9servant son ar\u00f4me et ses propri\u00e9t\u00e9s nutritionnelles<\/strong>. Elles conviennent \u00e0 ceux qui aiment les d\u00e9cortiquer juste avant de les d\u00e9guster, et profiter d\u2019une <strong>collation saine<\/strong> au go\u00fbt authentique de noisette. <\/p>\n<h2><a href=\"\/nocciola-piemonte-igp\/\"><strong>Nous utilisons uniquement de la \u00ab\u00a0Nocciola Piemonte IGP\u00a0\u00bb des Langhe<\/strong><\/a><\/h2>\n","protected":false},"featured_media":13718,"comment_status":"open","ping_status":"closed","template":"","meta":[],"product_cat":[90],"product_tag":[],"class_list":{"0":"post-13979","1":"product","2":"type-product","3":"status-publish","4":"has-post-thumbnail","6":"product_cat-entier","8":"first","9":"instock","10":"shipping-taxable","11":"purchasable","12":"product-type-variable"},"yoast_head":"<!-- This site is optimized with the Yoast SEO plugin v24.9 - https:\/\/yoast.com\/wordpress\/plugins\/seo\/ -->\n<title>Cascina Masueria - Noisettes en coque<\/title>\n<meta name=\"description\" content=\"Achetez des noisettes en coque pour un en-cas sain au go\u00fbt authentique de noisette.\" \/>\n<meta name=\"robots\" content=\"index, follow, max-snippet:-1, max-image-preview:large, max-video-preview:-1\" \/>\n<link rel=\"canonical\" href=\"https:\/\/www.cascinamasueria.it\/fr\/prodotto\/noisettes-en-coque\/\" \/>\n<meta property=\"og:locale\" content=\"fr_FR\" \/>\n<meta property=\"og:type\" content=\"article\" \/>\n<meta property=\"og:title\" content=\"Cascina Masueria - Noisettes en coque\" \/>\n<meta property=\"og:description\" content=\"Achetez des noisettes en coque pour un en-cas sain au go\u00fbt authentique de noisette.\" \/>\n<meta property=\"og:url\" content=\"https:\/\/www.cascinamasueria.it\/fr\/prodotto\/noisettes-en-coque\/\" \/>\n<meta property=\"og:site_name\" content=\"Cascina Masueria\" \/>\n<meta property=\"og:image\" content=\"https:\/\/www.cascinamasueria.it\/wp-content\/uploads\/2024\/05\/nocciole-guscio.jpg\" \/>\n\t<meta property=\"og:image:width\" content=\"800\" \/>\n\t<meta property=\"og:image:height\" content=\"800\" \/>\n\t<meta property=\"og:image:type\" content=\"image\/jpeg\" \/>\n<meta name=\"twitter:card\" content=\"summary_large_image\" \/>\n<script type=\"application\/ld+json\" class=\"yoast-schema-graph\">{\"@context\":\"https:\/\/schema.org\",\"@graph\":[{\"@type\":\"WebPage\",\"@id\":\"https:\/\/www.cascinamasueria.it\/fr\/prodotto\/noisettes-en-coque\/\",\"url\":\"https:\/\/www.cascinamasueria.it\/fr\/prodotto\/noisettes-en-coque\/\",\"name\":\"Cascina Masueria - Noisettes en coque\",\"isPartOf\":{\"@id\":\"https:\/\/www.cascinamasueria.it\/fr\/#website\"},\"primaryImageOfPage\":{\"@id\":\"https:\/\/www.cascinamasueria.it\/fr\/prodotto\/noisettes-en-coque\/#primaryimage\"},\"image\":{\"@id\":\"https:\/\/www.cascinamasueria.it\/fr\/prodotto\/noisettes-en-coque\/#primaryimage\"},\"thumbnailUrl\":\"https:\/\/www.cascinamasueria.it\/wp-content\/uploads\/2024\/05\/nocciole-guscio.jpg\",\"datePublished\":\"2024-05-07T09:04:11+00:00\",\"description\":\"Achetez des noisettes en coque pour un en-cas sain au go\u00fbt authentique de noisette.\",\"breadcrumb\":{\"@id\":\"https:\/\/www.cascinamasueria.it\/fr\/prodotto\/noisettes-en-coque\/#breadcrumb\"},\"inLanguage\":\"fr-FR\",\"potentialAction\":[{\"@type\":\"ReadAction\",\"target\":[\"https:\/\/www.cascinamasueria.it\/fr\/prodotto\/noisettes-en-coque\/\"]}]},{\"@type\":\"ImageObject\",\"inLanguage\":\"fr-FR\",\"@id\":\"https:\/\/www.cascinamasueria.it\/fr\/prodotto\/noisettes-en-coque\/#primaryimage\",\"url\":\"https:\/\/www.cascinamasueria.it\/wp-content\/uploads\/2024\/05\/nocciole-guscio.jpg\",\"contentUrl\":\"https:\/\/www.cascinamasueria.it\/wp-content\/uploads\/2024\/05\/nocciole-guscio.jpg\",\"width\":800,\"height\":800,\"caption\":\"Noisettes du Pi\u00e9mont IGP en coque\"},{\"@type\":\"BreadcrumbList\",\"@id\":\"https:\/\/www.cascinamasueria.it\/fr\/prodotto\/noisettes-en-coque\/#breadcrumb\",\"itemListElement\":[{\"@type\":\"ListItem\",\"position\":1,\"name\":\"Home\",\"item\":\"https:\/\/www.cascinamasueria.it\/fr\/\"},{\"@type\":\"ListItem\",\"position\":2,\"name\":\"Boutique\",\"item\":\"https:\/\/www.cascinamasueria.it\/fr\/boutique\/\"},{\"@type\":\"ListItem\",\"position\":3,\"name\":\"Noisettes en coque\"}]},{\"@type\":\"WebSite\",\"@id\":\"https:\/\/www.cascinamasueria.it\/fr\/#website\",\"url\":\"https:\/\/www.cascinamasueria.it\/fr\/\",\"name\":\"Cascina Masueria\",\"description\":\"Coltivazione e trasformazione nocciola Piemonte IGP\",\"publisher\":{\"@id\":\"https:\/\/www.cascinamasueria.it\/fr\/#organization\"},\"potentialAction\":[{\"@type\":\"SearchAction\",\"target\":{\"@type\":\"EntryPoint\",\"urlTemplate\":\"https:\/\/www.cascinamasueria.it\/fr\/?s={search_term_string}\"},\"query-input\":{\"@type\":\"PropertyValueSpecification\",\"valueRequired\":true,\"valueName\":\"search_term_string\"}}],\"inLanguage\":\"fr-FR\"},{\"@type\":\"Organization\",\"@id\":\"https:\/\/www.cascinamasueria.it\/fr\/#organization\",\"name\":\"Cascina Masueria\",\"url\":\"https:\/\/www.cascinamasueria.it\/fr\/\",\"logo\":{\"@type\":\"ImageObject\",\"inLanguage\":\"fr-FR\",\"@id\":\"https:\/\/www.cascinamasueria.it\/fr\/#\/schema\/logo\/image\/\",\"url\":\"https:\/\/www.cascinamasueria.it\/wp-content\/uploads\/2024\/09\/logo-masueria-positivo.png\",\"contentUrl\":\"https:\/\/www.cascinamasueria.it\/wp-content\/uploads\/2024\/09\/logo-masueria-positivo.png\",\"width\":347,\"height\":125,\"caption\":\"Cascina Masueria\"},\"image\":{\"@id\":\"https:\/\/www.cascinamasueria.it\/fr\/#\/schema\/logo\/image\/\"}}]}<\/script>\n<!-- \/ Yoast SEO plugin. -->","yoast_head_json":{"title":"Cascina Masueria - Noisettes en coque","description":"Achetez des noisettes en coque pour un en-cas sain au go\u00fbt authentique de noisette.","robots":{"index":"index","follow":"follow","max-snippet":"max-snippet:-1","max-image-preview":"max-image-preview:large","max-video-preview":"max-video-preview:-1"},"canonical":"https:\/\/www.cascinamasueria.it\/fr\/prodotto\/noisettes-en-coque\/","og_locale":"fr_FR","og_type":"article","og_title":"Cascina Masueria - Noisettes en coque","og_description":"Achetez des noisettes en coque pour un en-cas sain au go\u00fbt authentique de noisette.","og_url":"https:\/\/www.cascinamasueria.it\/fr\/prodotto\/noisettes-en-coque\/","og_site_name":"Cascina Masueria","og_image":[{"width":800,"height":800,"url":"https:\/\/www.cascinamasueria.it\/wp-content\/uploads\/2024\/05\/nocciole-guscio.jpg","type":"image\/jpeg"}],"twitter_card":"summary_large_image","schema":{"@context":"https:\/\/schema.org","@graph":[{"@type":"WebPage","@id":"https:\/\/www.cascinamasueria.it\/fr\/prodotto\/noisettes-en-coque\/","url":"https:\/\/www.cascinamasueria.it\/fr\/prodotto\/noisettes-en-coque\/","name":"Cascina Masueria - Noisettes en coque","isPartOf":{"@id":"https:\/\/www.cascinamasueria.it\/fr\/#website"},"primaryImageOfPage":{"@id":"https:\/\/www.cascinamasueria.it\/fr\/prodotto\/noisettes-en-coque\/#primaryimage"},"image":{"@id":"https:\/\/www.cascinamasueria.it\/fr\/prodotto\/noisettes-en-coque\/#primaryimage"},"thumbnailUrl":"https:\/\/www.cascinamasueria.it\/wp-content\/uploads\/2024\/05\/nocciole-guscio.jpg","datePublished":"2024-05-07T09:04:11+00:00","description":"Achetez des noisettes en coque pour un en-cas sain au go\u00fbt authentique de noisette.","breadcrumb":{"@id":"https:\/\/www.cascinamasueria.it\/fr\/prodotto\/noisettes-en-coque\/#breadcrumb"},"inLanguage":"fr-FR","potentialAction":[{"@type":"ReadAction","target":["https:\/\/www.cascinamasueria.it\/fr\/prodotto\/noisettes-en-coque\/"]}]},{"@type":"ImageObject","inLanguage":"fr-FR","@id":"https:\/\/www.cascinamasueria.it\/fr\/prodotto\/noisettes-en-coque\/#primaryimage","url":"https:\/\/www.cascinamasueria.it\/wp-content\/uploads\/2024\/05\/nocciole-guscio.jpg","contentUrl":"https:\/\/www.cascinamasueria.it\/wp-content\/uploads\/2024\/05\/nocciole-guscio.jpg","width":800,"height":800,"caption":"Noisettes du Pi\u00e9mont IGP en coque"},{"@type":"BreadcrumbList","@id":"https:\/\/www.cascinamasueria.it\/fr\/prodotto\/noisettes-en-coque\/#breadcrumb","itemListElement":[{"@type":"ListItem","position":1,"name":"Home","item":"https:\/\/www.cascinamasueria.it\/fr\/"},{"@type":"ListItem","position":2,"name":"Boutique","item":"https:\/\/www.cascinamasueria.it\/fr\/boutique\/"},{"@type":"ListItem","position":3,"name":"Noisettes en coque"}]},{"@type":"WebSite","@id":"https:\/\/www.cascinamasueria.it\/fr\/#website","url":"https:\/\/www.cascinamasueria.it\/fr\/","name":"Cascina Masueria","description":"Coltivazione e trasformazione nocciola Piemonte IGP","publisher":{"@id":"https:\/\/www.cascinamasueria.it\/fr\/#organization"},"potentialAction":[{"@type":"SearchAction","target":{"@type":"EntryPoint","urlTemplate":"https:\/\/www.cascinamasueria.it\/fr\/?s={search_term_string}"},"query-input":{"@type":"PropertyValueSpecification","valueRequired":true,"valueName":"search_term_string"}}],"inLanguage":"fr-FR"},{"@type":"Organization","@id":"https:\/\/www.cascinamasueria.it\/fr\/#organization","name":"Cascina Masueria","url":"https:\/\/www.cascinamasueria.it\/fr\/","logo":{"@type":"ImageObject","inLanguage":"fr-FR","@id":"https:\/\/www.cascinamasueria.it\/fr\/#\/schema\/logo\/image\/","url":"https:\/\/www.cascinamasueria.it\/wp-content\/uploads\/2024\/09\/logo-masueria-positivo.png","contentUrl":"https:\/\/www.cascinamasueria.it\/wp-content\/uploads\/2024\/09\/logo-masueria-positivo.png","width":347,"height":125,"caption":"Cascina Masueria"},"image":{"@id":"https:\/\/www.cascinamasueria.it\/fr\/#\/schema\/logo\/image\/"}}]}},"_links":{"self":[{"href":"https:\/\/www.cascinamasueria.it\/fr\/wp-json\/wp\/v2\/product\/13979","targetHints":{"allow":["GET"]}}],"collection":[{"href":"https:\/\/www.cascinamasueria.it\/fr\/wp-json\/wp\/v2\/product"}],"about":[{"href":"https:\/\/www.cascinamasueria.it\/fr\/wp-json\/wp\/v2\/types\/product"}],"replies":[{"embeddable":true,"href":"https:\/\/www.cascinamasueria.it\/fr\/wp-json\/wp\/v2\/comments?post=13979"}],"version-history":[{"count":0,"href":"https:\/\/www.cascinamasueria.it\/fr\/wp-json\/wp\/v2\/product\/13979\/revisions"}],"wp:featuredmedia":[{"embeddable":true,"href":"https:\/\/www.cascinamasueria.it\/fr\/wp-json\/wp\/v2\/media\/13718"}],"wp:attachment":[{"href":"https:\/\/www.cascinamasueria.it\/fr\/wp-json\/wp\/v2\/media?parent=13979"}],"wp:term":[{"taxonomy":"product_cat","embeddable":true,"href":"https:\/\/www.cascinamasueria.it\/fr\/wp-json\/wp\/v2\/product_cat?post=13979"},{"taxonomy":"product_tag","embeddable":true,"href":"https:\/\/www.cascinamasueria.it\/fr\/wp-json\/wp\/v2\/product_tag?post=13979"}],"curies":[{"name":"wp","href":"https:\/\/api.w.org\/{rel}","templated":true}]}}