{"id":13981,"date":"2024-05-03T15:06:37","date_gmt":"2024-05-03T15:06:37","guid":{"rendered":"https:\/\/www.cascinamasueria.it\/prodotto\/farine-de-noisette\/"},"modified":"2024-05-03T15:06:37","modified_gmt":"2024-05-03T15:06:37","slug":"farine-de-noisette","status":"publish","type":"product","link":"https:\/\/www.cascinamasueria.it\/fr\/prodotto\/farine-de-noisette\/","title":{"rendered":"Farine de noisette"},"content":{"rendered":"","protected":false},"excerpt":{"rendered":"<p>La <strong>farine de noisette<\/strong> est un ingr\u00e9dient fascinant \u00e0 utiliser en cuisine, capable d\u2019enrichir et de d\u00e9corer diff\u00e9rents plats. Elle est particuli\u00e8rement utilis\u00e9e dans la <strong>pr\u00e9paration de desserts<\/strong>, comme les g\u00e2teaux et les biscuits. Apr\u00e8s torr\u00e9faction, la <strong>noisette est broy\u00e9e dans un granulateur sp\u00e9cial<\/strong> qui hache le produit <strong>sans g\u00e9n\u00e9rer de chaleur<\/strong>.  <\/p>\n<h2><a href=\"\/nocciola-piemonte-igp\/\"><strong>Nous utilisons uniquement de la \u00ab\u00a0Nocciola Piemonte IGP\u00a0\u00bb des Langhe<\/strong><\/a><\/h2>\n","protected":false},"featured_media":13643,"comment_status":"open","ping_status":"closed","template":"","meta":[],"product_cat":[92],"product_tag":[],"class_list":{"0":"post-13981","1":"product","2":"type-product","3":"status-publish","4":"has-post-thumbnail","6":"product_cat-non-classe","8":"first","9":"instock","10":"shipping-taxable","11":"purchasable","12":"product-type-variable","13":"has-default-attributes"},"yoast_head":"<!-- This site is optimized with the Yoast SEO plugin v24.9 - https:\/\/yoast.com\/wordpress\/plugins\/seo\/ -->\n<title>Cascina Masueria - Farine de noisette IGP Pi\u00e9mont<\/title>\n<meta name=\"description\" content=\"Acheter de la farine de noisette pour enrichir et d\u00e9corer les plats ou pour pr\u00e9parer des desserts.\" \/>\n<meta name=\"robots\" content=\"index, follow, max-snippet:-1, max-image-preview:large, max-video-preview:-1\" \/>\n<link rel=\"canonical\" href=\"https:\/\/www.cascinamasueria.it\/fr\/prodotto\/farine-de-noisette\/\" \/>\n<meta property=\"og:locale\" content=\"fr_FR\" \/>\n<meta property=\"og:type\" content=\"article\" \/>\n<meta property=\"og:title\" content=\"Cascina Masueria - Farine de noisette IGP Pi\u00e9mont\" \/>\n<meta property=\"og:description\" content=\"Acheter de la farine de noisette pour enrichir et d\u00e9corer les plats ou pour pr\u00e9parer des desserts.\" \/>\n<meta property=\"og:url\" content=\"https:\/\/www.cascinamasueria.it\/fr\/prodotto\/farine-de-noisette\/\" \/>\n<meta property=\"og:site_name\" content=\"Cascina Masueria\" \/>\n<meta property=\"og:image\" content=\"https:\/\/www.cascinamasueria.it\/wp-content\/uploads\/2024\/09\/farina-nocciola.png\" \/>\n\t<meta property=\"og:image:width\" content=\"800\" \/>\n\t<meta property=\"og:image:height\" content=\"800\" \/>\n\t<meta property=\"og:image:type\" content=\"image\/png\" \/>\n<meta name=\"twitter:card\" content=\"summary_large_image\" \/>\n<script type=\"application\/ld+json\" class=\"yoast-schema-graph\">{\"@context\":\"https:\/\/schema.org\",\"@graph\":[{\"@type\":\"WebPage\",\"@id\":\"https:\/\/www.cascinamasueria.it\/fr\/prodotto\/farine-de-noisette\/\",\"url\":\"https:\/\/www.cascinamasueria.it\/fr\/prodotto\/farine-de-noisette\/\",\"name\":\"Cascina Masueria - Farine de noisette IGP Pi\u00e9mont\",\"isPartOf\":{\"@id\":\"https:\/\/www.cascinamasueria.it\/fr\/#website\"},\"primaryImageOfPage\":{\"@id\":\"https:\/\/www.cascinamasueria.it\/fr\/prodotto\/farine-de-noisette\/#primaryimage\"},\"image\":{\"@id\":\"https:\/\/www.cascinamasueria.it\/fr\/prodotto\/farine-de-noisette\/#primaryimage\"},\"thumbnailUrl\":\"https:\/\/www.cascinamasueria.it\/wp-content\/uploads\/2024\/09\/farina-nocciola.png\",\"datePublished\":\"2024-05-03T15:06:37+00:00\",\"description\":\"Acheter de la farine de noisette pour enrichir et d\u00e9corer les plats ou pour pr\u00e9parer des desserts.\",\"breadcrumb\":{\"@id\":\"https:\/\/www.cascinamasueria.it\/fr\/prodotto\/farine-de-noisette\/#breadcrumb\"},\"inLanguage\":\"fr-FR\",\"potentialAction\":[{\"@type\":\"ReadAction\",\"target\":[\"https:\/\/www.cascinamasueria.it\/fr\/prodotto\/farine-de-noisette\/\"]}]},{\"@type\":\"ImageObject\",\"inLanguage\":\"fr-FR\",\"@id\":\"https:\/\/www.cascinamasueria.it\/fr\/prodotto\/farine-de-noisette\/#primaryimage\",\"url\":\"https:\/\/www.cascinamasueria.it\/wp-content\/uploads\/2024\/09\/farina-nocciola.png\",\"contentUrl\":\"https:\/\/www.cascinamasueria.it\/wp-content\/uploads\/2024\/09\/farina-nocciola.png\",\"width\":800,\"height\":800,\"caption\":\"Farine de noisettes du Pi\u00e9mont IGP\"},{\"@type\":\"BreadcrumbList\",\"@id\":\"https:\/\/www.cascinamasueria.it\/fr\/prodotto\/farine-de-noisette\/#breadcrumb\",\"itemListElement\":[{\"@type\":\"ListItem\",\"position\":1,\"name\":\"Home\",\"item\":\"https:\/\/www.cascinamasueria.it\/fr\/\"},{\"@type\":\"ListItem\",\"position\":2,\"name\":\"Boutique\",\"item\":\"https:\/\/www.cascinamasueria.it\/fr\/boutique\/\"},{\"@type\":\"ListItem\",\"position\":3,\"name\":\"Farine de noisette\"}]},{\"@type\":\"WebSite\",\"@id\":\"https:\/\/www.cascinamasueria.it\/fr\/#website\",\"url\":\"https:\/\/www.cascinamasueria.it\/fr\/\",\"name\":\"Cascina Masueria\",\"description\":\"Coltivazione e trasformazione nocciola Piemonte IGP\",\"publisher\":{\"@id\":\"https:\/\/www.cascinamasueria.it\/fr\/#organization\"},\"potentialAction\":[{\"@type\":\"SearchAction\",\"target\":{\"@type\":\"EntryPoint\",\"urlTemplate\":\"https:\/\/www.cascinamasueria.it\/fr\/?s={search_term_string}\"},\"query-input\":{\"@type\":\"PropertyValueSpecification\",\"valueRequired\":true,\"valueName\":\"search_term_string\"}}],\"inLanguage\":\"fr-FR\"},{\"@type\":\"Organization\",\"@id\":\"https:\/\/www.cascinamasueria.it\/fr\/#organization\",\"name\":\"Cascina Masueria\",\"url\":\"https:\/\/www.cascinamasueria.it\/fr\/\",\"logo\":{\"@type\":\"ImageObject\",\"inLanguage\":\"fr-FR\",\"@id\":\"https:\/\/www.cascinamasueria.it\/fr\/#\/schema\/logo\/image\/\",\"url\":\"https:\/\/www.cascinamasueria.it\/wp-content\/uploads\/2024\/09\/logo-masueria-positivo.png\",\"contentUrl\":\"https:\/\/www.cascinamasueria.it\/wp-content\/uploads\/2024\/09\/logo-masueria-positivo.png\",\"width\":347,\"height\":125,\"caption\":\"Cascina Masueria\"},\"image\":{\"@id\":\"https:\/\/www.cascinamasueria.it\/fr\/#\/schema\/logo\/image\/\"}}]}<\/script>\n<!-- \/ Yoast SEO plugin. -->","yoast_head_json":{"title":"Cascina Masueria - Farine de noisette IGP Pi\u00e9mont","description":"Acheter de la farine de noisette pour enrichir et d\u00e9corer les plats ou pour pr\u00e9parer des desserts.","robots":{"index":"index","follow":"follow","max-snippet":"max-snippet:-1","max-image-preview":"max-image-preview:large","max-video-preview":"max-video-preview:-1"},"canonical":"https:\/\/www.cascinamasueria.it\/fr\/prodotto\/farine-de-noisette\/","og_locale":"fr_FR","og_type":"article","og_title":"Cascina Masueria - Farine de noisette IGP Pi\u00e9mont","og_description":"Acheter de la farine de noisette pour enrichir et d\u00e9corer les plats ou pour pr\u00e9parer des desserts.","og_url":"https:\/\/www.cascinamasueria.it\/fr\/prodotto\/farine-de-noisette\/","og_site_name":"Cascina Masueria","og_image":[{"width":800,"height":800,"url":"https:\/\/www.cascinamasueria.it\/wp-content\/uploads\/2024\/09\/farina-nocciola.png","type":"image\/png"}],"twitter_card":"summary_large_image","schema":{"@context":"https:\/\/schema.org","@graph":[{"@type":"WebPage","@id":"https:\/\/www.cascinamasueria.it\/fr\/prodotto\/farine-de-noisette\/","url":"https:\/\/www.cascinamasueria.it\/fr\/prodotto\/farine-de-noisette\/","name":"Cascina Masueria - Farine de noisette IGP Pi\u00e9mont","isPartOf":{"@id":"https:\/\/www.cascinamasueria.it\/fr\/#website"},"primaryImageOfPage":{"@id":"https:\/\/www.cascinamasueria.it\/fr\/prodotto\/farine-de-noisette\/#primaryimage"},"image":{"@id":"https:\/\/www.cascinamasueria.it\/fr\/prodotto\/farine-de-noisette\/#primaryimage"},"thumbnailUrl":"https:\/\/www.cascinamasueria.it\/wp-content\/uploads\/2024\/09\/farina-nocciola.png","datePublished":"2024-05-03T15:06:37+00:00","description":"Acheter de la farine de noisette pour enrichir et d\u00e9corer les plats ou pour pr\u00e9parer des desserts.","breadcrumb":{"@id":"https:\/\/www.cascinamasueria.it\/fr\/prodotto\/farine-de-noisette\/#breadcrumb"},"inLanguage":"fr-FR","potentialAction":[{"@type":"ReadAction","target":["https:\/\/www.cascinamasueria.it\/fr\/prodotto\/farine-de-noisette\/"]}]},{"@type":"ImageObject","inLanguage":"fr-FR","@id":"https:\/\/www.cascinamasueria.it\/fr\/prodotto\/farine-de-noisette\/#primaryimage","url":"https:\/\/www.cascinamasueria.it\/wp-content\/uploads\/2024\/09\/farina-nocciola.png","contentUrl":"https:\/\/www.cascinamasueria.it\/wp-content\/uploads\/2024\/09\/farina-nocciola.png","width":800,"height":800,"caption":"Farine de noisettes du Pi\u00e9mont IGP"},{"@type":"BreadcrumbList","@id":"https:\/\/www.cascinamasueria.it\/fr\/prodotto\/farine-de-noisette\/#breadcrumb","itemListElement":[{"@type":"ListItem","position":1,"name":"Home","item":"https:\/\/www.cascinamasueria.it\/fr\/"},{"@type":"ListItem","position":2,"name":"Boutique","item":"https:\/\/www.cascinamasueria.it\/fr\/boutique\/"},{"@type":"ListItem","position":3,"name":"Farine de noisette"}]},{"@type":"WebSite","@id":"https:\/\/www.cascinamasueria.it\/fr\/#website","url":"https:\/\/www.cascinamasueria.it\/fr\/","name":"Cascina Masueria","description":"Coltivazione e trasformazione nocciola Piemonte IGP","publisher":{"@id":"https:\/\/www.cascinamasueria.it\/fr\/#organization"},"potentialAction":[{"@type":"SearchAction","target":{"@type":"EntryPoint","urlTemplate":"https:\/\/www.cascinamasueria.it\/fr\/?s={search_term_string}"},"query-input":{"@type":"PropertyValueSpecification","valueRequired":true,"valueName":"search_term_string"}}],"inLanguage":"fr-FR"},{"@type":"Organization","@id":"https:\/\/www.cascinamasueria.it\/fr\/#organization","name":"Cascina Masueria","url":"https:\/\/www.cascinamasueria.it\/fr\/","logo":{"@type":"ImageObject","inLanguage":"fr-FR","@id":"https:\/\/www.cascinamasueria.it\/fr\/#\/schema\/logo\/image\/","url":"https:\/\/www.cascinamasueria.it\/wp-content\/uploads\/2024\/09\/logo-masueria-positivo.png","contentUrl":"https:\/\/www.cascinamasueria.it\/wp-content\/uploads\/2024\/09\/logo-masueria-positivo.png","width":347,"height":125,"caption":"Cascina Masueria"},"image":{"@id":"https:\/\/www.cascinamasueria.it\/fr\/#\/schema\/logo\/image\/"}}]}},"_links":{"self":[{"href":"https:\/\/www.cascinamasueria.it\/fr\/wp-json\/wp\/v2\/product\/13981","targetHints":{"allow":["GET"]}}],"collection":[{"href":"https:\/\/www.cascinamasueria.it\/fr\/wp-json\/wp\/v2\/product"}],"about":[{"href":"https:\/\/www.cascinamasueria.it\/fr\/wp-json\/wp\/v2\/types\/product"}],"replies":[{"embeddable":true,"href":"https:\/\/www.cascinamasueria.it\/fr\/wp-json\/wp\/v2\/comments?post=13981"}],"version-history":[{"count":0,"href":"https:\/\/www.cascinamasueria.it\/fr\/wp-json\/wp\/v2\/product\/13981\/revisions"}],"wp:featuredmedia":[{"embeddable":true,"href":"https:\/\/www.cascinamasueria.it\/fr\/wp-json\/wp\/v2\/media\/13643"}],"wp:attachment":[{"href":"https:\/\/www.cascinamasueria.it\/fr\/wp-json\/wp\/v2\/media?parent=13981"}],"wp:term":[{"taxonomy":"product_cat","embeddable":true,"href":"https:\/\/www.cascinamasueria.it\/fr\/wp-json\/wp\/v2\/product_cat?post=13981"},{"taxonomy":"product_tag","embeddable":true,"href":"https:\/\/www.cascinamasueria.it\/fr\/wp-json\/wp\/v2\/product_tag?post=13981"}],"curies":[{"name":"wp","href":"https:\/\/api.w.org\/{rel}","templated":true}]}}