{"id":13986,"date":"2024-05-03T15:00:22","date_gmt":"2024-05-03T15:00:22","guid":{"rendered":"https:\/\/www.cascinamasueria.it\/prodotto\/pate-aux-noisettes\/"},"modified":"2024-05-03T15:00:22","modified_gmt":"2024-05-03T15:00:22","slug":"pate-aux-noisettes","status":"publish","type":"product","link":"https:\/\/www.cascinamasueria.it\/fr\/prodotto\/pate-aux-noisettes\/","title":{"rendered":"P\u00e2te aux noisettes"},"content":{"rendered":"","protected":false},"excerpt":{"rendered":"<p>La <strong>p\u00e2te aux noisettes<\/strong> est compos\u00e9e \u00e0 <strong>100 % de noisettes du Pi\u00e9mont IGP<\/strong> \u00ab Nocciola Piemonte IGP \u00bb. Elle a \u00e9t\u00e9 <strong>cr\u00e9\u00e9e pour rehausser les saveurs des plats sucr\u00e9s et sal\u00e9s<\/strong>, des cr\u00e8mes glac\u00e9es aux r\u00f4tis, pour apporter sur la table le go\u00fbt unique des noisettes du Pi\u00e9mont. Elle s\u2019obtient en broyant des noisettes dans un raffineur \u00e0 billes, afin que la noisette lib\u00e8re son huile, passant de solide \u00e0 fluide.<\/p>\n<h2><a href=\"\/nocciola-piemonte-igp\/\"><strong>Nous utilisons uniquement de la \u00ab Nocciola Piemonte IGP \u00bb des Langhe<\/strong><\/a><\/h2>\n","protected":false},"featured_media":13679,"comment_status":"open","ping_status":"closed","template":"","meta":[],"product_cat":[91],"product_tag":[],"class_list":{"0":"post-13986","1":"product","2":"type-product","3":"status-publish","4":"has-post-thumbnail","6":"product_cat-cremes","8":"first","9":"instock","10":"shipping-taxable","11":"purchasable","12":"product-type-variable","13":"has-default-attributes"},"yoast_head":"<!-- This site is optimized with the Yoast SEO plugin v24.9 - https:\/\/yoast.com\/wordpress\/plugins\/seo\/ -->\n<title>Cascina Masueria - P\u00e2te aux noisettes 100% Noisette du Pi\u00e9mont IGP.<\/title>\n<meta name=\"description\" content=\"Acheter de la p\u00e2te de noisettes fabriqu\u00e9e \u00e0 partir de noisettes du Pi\u00e9mont 100 % IGP.\" \/>\n<meta name=\"robots\" content=\"index, follow, max-snippet:-1, max-image-preview:large, max-video-preview:-1\" \/>\n<link rel=\"canonical\" href=\"https:\/\/www.cascinamasueria.it\/fr\/prodotto\/pate-aux-noisettes\/\" \/>\n<meta property=\"og:locale\" content=\"fr_FR\" \/>\n<meta property=\"og:type\" content=\"article\" \/>\n<meta property=\"og:title\" content=\"Cascina Masueria - P\u00e2te aux noisettes 100% Noisette du Pi\u00e9mont IGP.\" \/>\n<meta property=\"og:description\" content=\"Acheter de la p\u00e2te de noisettes fabriqu\u00e9e \u00e0 partir de noisettes du Pi\u00e9mont 100 % IGP.\" \/>\n<meta property=\"og:url\" content=\"https:\/\/www.cascinamasueria.it\/fr\/prodotto\/pate-aux-noisettes\/\" \/>\n<meta property=\"og:site_name\" content=\"Cascina Masueria\" \/>\n<meta property=\"og:image\" content=\"https:\/\/www.cascinamasueria.it\/wp-content\/uploads\/2024\/09\/pasta-nocciole.png\" \/>\n\t<meta property=\"og:image:width\" content=\"800\" \/>\n\t<meta property=\"og:image:height\" content=\"800\" \/>\n\t<meta property=\"og:image:type\" content=\"image\/png\" \/>\n<meta name=\"twitter:card\" content=\"summary_large_image\" \/>\n<script type=\"application\/ld+json\" class=\"yoast-schema-graph\">{\"@context\":\"https:\/\/schema.org\",\"@graph\":[{\"@type\":\"WebPage\",\"@id\":\"https:\/\/www.cascinamasueria.it\/fr\/prodotto\/pate-aux-noisettes\/\",\"url\":\"https:\/\/www.cascinamasueria.it\/fr\/prodotto\/pate-aux-noisettes\/\",\"name\":\"Cascina Masueria - P\u00e2te aux noisettes 100% Noisette du Pi\u00e9mont IGP.\",\"isPartOf\":{\"@id\":\"https:\/\/www.cascinamasueria.it\/fr\/#website\"},\"primaryImageOfPage\":{\"@id\":\"https:\/\/www.cascinamasueria.it\/fr\/prodotto\/pate-aux-noisettes\/#primaryimage\"},\"image\":{\"@id\":\"https:\/\/www.cascinamasueria.it\/fr\/prodotto\/pate-aux-noisettes\/#primaryimage\"},\"thumbnailUrl\":\"https:\/\/www.cascinamasueria.it\/wp-content\/uploads\/2024\/09\/pasta-nocciole.png\",\"datePublished\":\"2024-05-03T15:00:22+00:00\",\"description\":\"Acheter de la p\u00e2te de noisettes fabriqu\u00e9e \u00e0 partir de noisettes du Pi\u00e9mont 100 % IGP.\",\"breadcrumb\":{\"@id\":\"https:\/\/www.cascinamasueria.it\/fr\/prodotto\/pate-aux-noisettes\/#breadcrumb\"},\"inLanguage\":\"fr-FR\",\"potentialAction\":[{\"@type\":\"ReadAction\",\"target\":[\"https:\/\/www.cascinamasueria.it\/fr\/prodotto\/pate-aux-noisettes\/\"]}]},{\"@type\":\"ImageObject\",\"inLanguage\":\"fr-FR\",\"@id\":\"https:\/\/www.cascinamasueria.it\/fr\/prodotto\/pate-aux-noisettes\/#primaryimage\",\"url\":\"https:\/\/www.cascinamasueria.it\/wp-content\/uploads\/2024\/09\/pasta-nocciole.png\",\"contentUrl\":\"https:\/\/www.cascinamasueria.it\/wp-content\/uploads\/2024\/09\/pasta-nocciole.png\",\"width\":800,\"height\":800,\"caption\":\"P\u00e2te aux noisettes\"},{\"@type\":\"BreadcrumbList\",\"@id\":\"https:\/\/www.cascinamasueria.it\/fr\/prodotto\/pate-aux-noisettes\/#breadcrumb\",\"itemListElement\":[{\"@type\":\"ListItem\",\"position\":1,\"name\":\"Home\",\"item\":\"https:\/\/www.cascinamasueria.it\/fr\/\"},{\"@type\":\"ListItem\",\"position\":2,\"name\":\"Boutique\",\"item\":\"https:\/\/www.cascinamasueria.it\/fr\/boutique\/\"},{\"@type\":\"ListItem\",\"position\":3,\"name\":\"P\u00e2te aux noisettes\"}]},{\"@type\":\"WebSite\",\"@id\":\"https:\/\/www.cascinamasueria.it\/fr\/#website\",\"url\":\"https:\/\/www.cascinamasueria.it\/fr\/\",\"name\":\"Cascina Masueria\",\"description\":\"Coltivazione e trasformazione nocciola Piemonte IGP\",\"publisher\":{\"@id\":\"https:\/\/www.cascinamasueria.it\/fr\/#organization\"},\"potentialAction\":[{\"@type\":\"SearchAction\",\"target\":{\"@type\":\"EntryPoint\",\"urlTemplate\":\"https:\/\/www.cascinamasueria.it\/fr\/?s={search_term_string}\"},\"query-input\":{\"@type\":\"PropertyValueSpecification\",\"valueRequired\":true,\"valueName\":\"search_term_string\"}}],\"inLanguage\":\"fr-FR\"},{\"@type\":\"Organization\",\"@id\":\"https:\/\/www.cascinamasueria.it\/fr\/#organization\",\"name\":\"Cascina Masueria\",\"url\":\"https:\/\/www.cascinamasueria.it\/fr\/\",\"logo\":{\"@type\":\"ImageObject\",\"inLanguage\":\"fr-FR\",\"@id\":\"https:\/\/www.cascinamasueria.it\/fr\/#\/schema\/logo\/image\/\",\"url\":\"https:\/\/www.cascinamasueria.it\/wp-content\/uploads\/2024\/09\/logo-masueria-positivo.png\",\"contentUrl\":\"https:\/\/www.cascinamasueria.it\/wp-content\/uploads\/2024\/09\/logo-masueria-positivo.png\",\"width\":347,\"height\":125,\"caption\":\"Cascina Masueria\"},\"image\":{\"@id\":\"https:\/\/www.cascinamasueria.it\/fr\/#\/schema\/logo\/image\/\"}}]}<\/script>\n<!-- \/ Yoast SEO plugin. -->","yoast_head_json":{"title":"Cascina Masueria - P\u00e2te aux noisettes 100% Noisette du Pi\u00e9mont IGP.","description":"Acheter de la p\u00e2te de noisettes fabriqu\u00e9e \u00e0 partir de noisettes du Pi\u00e9mont 100 % IGP.","robots":{"index":"index","follow":"follow","max-snippet":"max-snippet:-1","max-image-preview":"max-image-preview:large","max-video-preview":"max-video-preview:-1"},"canonical":"https:\/\/www.cascinamasueria.it\/fr\/prodotto\/pate-aux-noisettes\/","og_locale":"fr_FR","og_type":"article","og_title":"Cascina Masueria - P\u00e2te aux noisettes 100% Noisette du Pi\u00e9mont IGP.","og_description":"Acheter de la p\u00e2te de noisettes fabriqu\u00e9e \u00e0 partir de noisettes du Pi\u00e9mont 100 % IGP.","og_url":"https:\/\/www.cascinamasueria.it\/fr\/prodotto\/pate-aux-noisettes\/","og_site_name":"Cascina Masueria","og_image":[{"width":800,"height":800,"url":"https:\/\/www.cascinamasueria.it\/wp-content\/uploads\/2024\/09\/pasta-nocciole.png","type":"image\/png"}],"twitter_card":"summary_large_image","schema":{"@context":"https:\/\/schema.org","@graph":[{"@type":"WebPage","@id":"https:\/\/www.cascinamasueria.it\/fr\/prodotto\/pate-aux-noisettes\/","url":"https:\/\/www.cascinamasueria.it\/fr\/prodotto\/pate-aux-noisettes\/","name":"Cascina Masueria - P\u00e2te aux noisettes 100% Noisette du Pi\u00e9mont IGP.","isPartOf":{"@id":"https:\/\/www.cascinamasueria.it\/fr\/#website"},"primaryImageOfPage":{"@id":"https:\/\/www.cascinamasueria.it\/fr\/prodotto\/pate-aux-noisettes\/#primaryimage"},"image":{"@id":"https:\/\/www.cascinamasueria.it\/fr\/prodotto\/pate-aux-noisettes\/#primaryimage"},"thumbnailUrl":"https:\/\/www.cascinamasueria.it\/wp-content\/uploads\/2024\/09\/pasta-nocciole.png","datePublished":"2024-05-03T15:00:22+00:00","description":"Acheter de la p\u00e2te de noisettes fabriqu\u00e9e \u00e0 partir de noisettes du Pi\u00e9mont 100 % IGP.","breadcrumb":{"@id":"https:\/\/www.cascinamasueria.it\/fr\/prodotto\/pate-aux-noisettes\/#breadcrumb"},"inLanguage":"fr-FR","potentialAction":[{"@type":"ReadAction","target":["https:\/\/www.cascinamasueria.it\/fr\/prodotto\/pate-aux-noisettes\/"]}]},{"@type":"ImageObject","inLanguage":"fr-FR","@id":"https:\/\/www.cascinamasueria.it\/fr\/prodotto\/pate-aux-noisettes\/#primaryimage","url":"https:\/\/www.cascinamasueria.it\/wp-content\/uploads\/2024\/09\/pasta-nocciole.png","contentUrl":"https:\/\/www.cascinamasueria.it\/wp-content\/uploads\/2024\/09\/pasta-nocciole.png","width":800,"height":800,"caption":"P\u00e2te aux noisettes"},{"@type":"BreadcrumbList","@id":"https:\/\/www.cascinamasueria.it\/fr\/prodotto\/pate-aux-noisettes\/#breadcrumb","itemListElement":[{"@type":"ListItem","position":1,"name":"Home","item":"https:\/\/www.cascinamasueria.it\/fr\/"},{"@type":"ListItem","position":2,"name":"Boutique","item":"https:\/\/www.cascinamasueria.it\/fr\/boutique\/"},{"@type":"ListItem","position":3,"name":"P\u00e2te aux noisettes"}]},{"@type":"WebSite","@id":"https:\/\/www.cascinamasueria.it\/fr\/#website","url":"https:\/\/www.cascinamasueria.it\/fr\/","name":"Cascina Masueria","description":"Coltivazione e trasformazione nocciola Piemonte IGP","publisher":{"@id":"https:\/\/www.cascinamasueria.it\/fr\/#organization"},"potentialAction":[{"@type":"SearchAction","target":{"@type":"EntryPoint","urlTemplate":"https:\/\/www.cascinamasueria.it\/fr\/?s={search_term_string}"},"query-input":{"@type":"PropertyValueSpecification","valueRequired":true,"valueName":"search_term_string"}}],"inLanguage":"fr-FR"},{"@type":"Organization","@id":"https:\/\/www.cascinamasueria.it\/fr\/#organization","name":"Cascina Masueria","url":"https:\/\/www.cascinamasueria.it\/fr\/","logo":{"@type":"ImageObject","inLanguage":"fr-FR","@id":"https:\/\/www.cascinamasueria.it\/fr\/#\/schema\/logo\/image\/","url":"https:\/\/www.cascinamasueria.it\/wp-content\/uploads\/2024\/09\/logo-masueria-positivo.png","contentUrl":"https:\/\/www.cascinamasueria.it\/wp-content\/uploads\/2024\/09\/logo-masueria-positivo.png","width":347,"height":125,"caption":"Cascina Masueria"},"image":{"@id":"https:\/\/www.cascinamasueria.it\/fr\/#\/schema\/logo\/image\/"}}]}},"_links":{"self":[{"href":"https:\/\/www.cascinamasueria.it\/fr\/wp-json\/wp\/v2\/product\/13986","targetHints":{"allow":["GET"]}}],"collection":[{"href":"https:\/\/www.cascinamasueria.it\/fr\/wp-json\/wp\/v2\/product"}],"about":[{"href":"https:\/\/www.cascinamasueria.it\/fr\/wp-json\/wp\/v2\/types\/product"}],"replies":[{"embeddable":true,"href":"https:\/\/www.cascinamasueria.it\/fr\/wp-json\/wp\/v2\/comments?post=13986"}],"version-history":[{"count":0,"href":"https:\/\/www.cascinamasueria.it\/fr\/wp-json\/wp\/v2\/product\/13986\/revisions"}],"wp:featuredmedia":[{"embeddable":true,"href":"https:\/\/www.cascinamasueria.it\/fr\/wp-json\/wp\/v2\/media\/13679"}],"wp:attachment":[{"href":"https:\/\/www.cascinamasueria.it\/fr\/wp-json\/wp\/v2\/media?parent=13986"}],"wp:term":[{"taxonomy":"product_cat","embeddable":true,"href":"https:\/\/www.cascinamasueria.it\/fr\/wp-json\/wp\/v2\/product_cat?post=13986"},{"taxonomy":"product_tag","embeddable":true,"href":"https:\/\/www.cascinamasueria.it\/fr\/wp-json\/wp\/v2\/product_tag?post=13986"}],"curies":[{"name":"wp","href":"https:\/\/api.w.org\/{rel}","templated":true}]}}